{"id":989,"date":"2026-03-12T00:16:26","date_gmt":"2026-03-11T23:16:26","guid":{"rendered":"http:\/\/antiquariat-steinbach.com\/rarebooks\/produkt\/kluger-haus-vater-vollkommene-land-medicus-etc\/"},"modified":"2026-03-12T00:16:26","modified_gmt":"2026-03-11T23:16:26","slug":"medizin-becher-johann-joachim-kluger-haus-vater-vollkommene-land-medicus-etc","status":"publish","type":"product","link":"https:\/\/antiquariat-steinbach.com\/rarebooks\/produkt\/medizin-becher-johann-joachim-kluger-haus-vater-vollkommene-land-medicus-etc\/","title":{"rendered":"Medizin &#8211;   Becher, Johann Joachim. &#8211;  Kluger Haus-Vater, vollkommene Land-Medicus etc."},"content":{"rendered":"<p>Leipzig,  Groschuff, 1709.<\/p>\n<p>6 Teile in 1 Band. 14,5 : 8,5 cm. 8 Blatt, 1054 Seiten, 2 Zwischentitel, mit sehr vielen Textholzschnitte, 27 Blatt Register. Pergamentband der Zeit.<\/p>\n<p>650,00 EUR<\/p>\n","protected":false},"excerpt":{"rendered":"<p>Enth\u00e4lt 6 Teile: &#8218;Der kluge Haus-Vater&#8216; erster und anderer Teil; &#8218;Gr\u00fcndliche Nachricht von der Viehe-Zucht, Bem Ackerbau, Wiesenwachs und Fischerei&#8216;; &#8218;Deutlicher und gewisser Hand-Griff, Die Haushaltungs-Kunst Innerhalb 24. Stunden zu erlernen&#8216;; &#8218;Geheimes J\u00e4ger-Kabinet, DarinnenDie n\u00e4thigsten Wissenschaften so zur J\u00e4gerey geh\u00f6rig&#8216;; &#8218;Der verst\u00e4ndige Land-Advocat, oder des klugen Haus-Vaters N\u00fctzliche und N\u00f6thige Rechts und andere Formularien&#8216;. &#8211; Titelbl\u00e4tter teils in Rot und Schwarz gedruckt. &#8211; Titel zu Teil 1 fehlt, Seite 527 unten angeschmutzt, Seiten 909\/910 und 919\/920 mit Einriss, mehrere Seiten seitlich mit kleinen Einriss, einige Seiten etwas fleckig; Einband etwas berieben und fleckig. Vgl.Lindner 11.0105.06.<\/p>\n","protected":false},"featured_media":9937,"template":"","meta":[],"product_brand":[],"product_cat":[201,247,248,179,249,914],"product_tag":[],"class_list":{"0":"post-989","1":"product","2":"type-product","3":"status-publish","4":"has-post-thumbnail","6":"product_cat-fische","7":"product_cat-hausvaeterlit","8":"product_cat-jagd","9":"product_cat-medizin","10":"product_cat-recht","11":"product_cat-zvab","13":"first","14":"instock","15":"purchasable","16":"product-type-simple"},"_links":{"self":[{"href":"https:\/\/antiquariat-steinbach.com\/rarebooks\/wp-json\/wp\/v2\/product\/989","targetHints":{"allow":["GET"]}}],"collection":[{"href":"https:\/\/antiquariat-steinbach.com\/rarebooks\/wp-json\/wp\/v2\/product"}],"about":[{"href":"https:\/\/antiquariat-steinbach.com\/rarebooks\/wp-json\/wp\/v2\/types\/product"}],"version-history":[{"count":4,"href":"https:\/\/antiquariat-steinbach.com\/rarebooks\/wp-json\/wp\/v2\/product\/989\/revisions"}],"predecessor-version":[{"id":23660,"href":"https:\/\/antiquariat-steinbach.com\/rarebooks\/wp-json\/wp\/v2\/product\/989\/revisions\/23660"}],"wp:featuredmedia":[{"embeddable":true,"href":"https:\/\/antiquariat-steinbach.com\/rarebooks\/wp-json\/wp\/v2\/media\/9937"}],"wp:attachment":[{"href":"https:\/\/antiquariat-steinbach.com\/rarebooks\/wp-json\/wp\/v2\/media?parent=989"}],"wp:term":[{"taxonomy":"product_brand","embeddable":true,"href":"https:\/\/antiquariat-steinbach.com\/rarebooks\/wp-json\/wp\/v2\/product_brand?post=989"},{"taxonomy":"product_cat","embeddable":true,"href":"https:\/\/antiquariat-steinbach.com\/rarebooks\/wp-json\/wp\/v2\/product_cat?post=989"},{"taxonomy":"product_tag","embeddable":true,"href":"https:\/\/antiquariat-steinbach.com\/rarebooks\/wp-json\/wp\/v2\/product_tag?post=989"}],"curies":[{"name":"wp","href":"https:\/\/api.w.org\/{rel}","templated":true}]}}