{"id":979,"date":"2026-03-12T00:14:48","date_gmt":"2026-03-11T23:14:48","guid":{"rendered":"http:\/\/antiquariat-steinbach.com\/rarebooks\/produkt\/oeuvres-completes-nouvelle-edition-augmentee-de-quatre-pieces-de-theatre-et-de-documents-divers-inedits\/"},"modified":"2026-03-12T00:14:50","modified_gmt":"2026-03-11T23:14:50","slug":"litterature-beaumarchais-pierre-auguste-caron-de-oeuvres-completes-nouvelle-edition-augmentee-de-quatre-pieces-de-theatre-et-de-documents-divers-inedits","status":"publish","type":"product","link":"https:\/\/antiquariat-steinbach.com\/rarebooks\/produkt\/litterature-beaumarchais-pierre-auguste-caron-de-oeuvres-completes-nouvelle-edition-augmentee-de-quatre-pieces-de-theatre-et-de-documents-divers-inedits\/","title":{"rendered":"Litt\u00e9rature &#8211;   Beaumarchais, Pierre Auguste Caron de. &#8211;  Oeuvres compl\u00e9tes. Nouvelle \u00e9dition augment\u00e9e de quatre pi\u00e9ces de th\u00e9atre et de documents divers in\u00e9dits."},"content":{"rendered":"<p>Paris, Laplace, Sanchez, 1876.<\/p>\n<p>29 : 18 cm. 2 leaves, LVII pages, 1 leaf, 780 pages, 20 coloured engraved plates. Half morocco on 4 raised bands, spine with gilt filettes, gilt title on spine, top edge gilt (original wrappers bound in).<\/p>\n<p>180,00 EUR<\/p>\n","protected":false},"excerpt":{"rendered":"<p>The impressive fashion plates show the author as frontispiece and famous opera-scenes like Mozart&#8217;s &#8218;Figaros Hochzeit&#8216; or Rossinis &#8218;Barbier from Seville&#8216;. also some plates show a fish merchant and a Harlekin. &#8211; A nice, clean copy.<\/p>\n","protected":false},"featured_media":15281,"template":"","meta":[],"product_brand":[],"product_cat":[55,143,43,32,121,144,914],"product_tag":[],"class_list":{"0":"post-979","1":"product","2":"type-product","3":"status-publish","4":"has-post-thumbnail","6":"product_cat-fashion","7":"product_cat-francais","8":"product_cat-illustrierte-buecher","9":"product_cat-literatur","10":"product_cat-mode","11":"product_cat-musik","12":"product_cat-zvab","14":"first","15":"instock","16":"purchasable","17":"product-type-simple"},"_links":{"self":[{"href":"https:\/\/antiquariat-steinbach.com\/rarebooks\/wp-json\/wp\/v2\/product\/979","targetHints":{"allow":["GET"]}}],"collection":[{"href":"https:\/\/antiquariat-steinbach.com\/rarebooks\/wp-json\/wp\/v2\/product"}],"about":[{"href":"https:\/\/antiquariat-steinbach.com\/rarebooks\/wp-json\/wp\/v2\/types\/product"}],"version-history":[{"count":4,"href":"https:\/\/antiquariat-steinbach.com\/rarebooks\/wp-json\/wp\/v2\/product\/979\/revisions"}],"predecessor-version":[{"id":24585,"href":"https:\/\/antiquariat-steinbach.com\/rarebooks\/wp-json\/wp\/v2\/product\/979\/revisions\/24585"}],"wp:featuredmedia":[{"embeddable":true,"href":"https:\/\/antiquariat-steinbach.com\/rarebooks\/wp-json\/wp\/v2\/media\/15281"}],"wp:attachment":[{"href":"https:\/\/antiquariat-steinbach.com\/rarebooks\/wp-json\/wp\/v2\/media?parent=979"}],"wp:term":[{"taxonomy":"product_brand","embeddable":true,"href":"https:\/\/antiquariat-steinbach.com\/rarebooks\/wp-json\/wp\/v2\/product_brand?post=979"},{"taxonomy":"product_cat","embeddable":true,"href":"https:\/\/antiquariat-steinbach.com\/rarebooks\/wp-json\/wp\/v2\/product_cat?post=979"},{"taxonomy":"product_tag","embeddable":true,"href":"https:\/\/antiquariat-steinbach.com\/rarebooks\/wp-json\/wp\/v2\/product_tag?post=979"}],"curies":[{"name":"wp","href":"https:\/\/api.w.org\/{rel}","templated":true}]}}