{"id":975,"date":"2026-03-12T00:02:10","date_gmt":"2026-03-11T23:02:10","guid":{"rendered":"http:\/\/antiquariat-steinbach.com\/rarebooks\/produkt\/buchgestalter-lyriker-verleger-1907-1992\/"},"modified":"2026-03-12T00:02:11","modified_gmt":"2026-03-11T23:02:11","slug":"beauclair-gotthad-de-buchgestalter-lyriker-verleger-1907-1992","status":"publish","type":"product","link":"https:\/\/antiquariat-steinbach.com\/rarebooks\/produkt\/beauclair-gotthad-de-buchgestalter-lyriker-verleger-1907-1992\/","title":{"rendered":"Beauclair, Gotthad de: &#8211;  Buchgestalter-Lyriker-Verleger 1907 &#8211; 1992."},"content":{"rendered":"<p>Siegburg, Rheinlandia 1996.<\/p>\n<p>33,5 : 24 cm. 168 Seiten, 3 Blatt mit sehr vielen, meist farbigen Abbildungen. Original-Leinenband mit Original-Schutzumschlag, Schuber.<\/p>\n<p>60,00 EUR<\/p>\n","protected":false},"excerpt":{"rendered":"<p>Hervorragende Monographie \u00fcber den gro\u00dfen Buchk\u00fcnstler und Gr\u00fcnder der Trajanus-Presse und des Verlages &#8218;ars librorum&#8216;. Enth\u00e4lt Texte von Beauclair und R. S\u00fchnel, ferner Abbildungen von Beauclair und seinen Arbeiten, Faksimilewiedergaben und ein Werkverzeichnis von Beauclairs Editinen und seinen Lyrikb\u00e4nden. &#8211; Neuwertiges Exemplar.<\/p>\n","protected":false},"featured_media":0,"template":"","meta":[],"product_brand":[],"product_cat":[99,62,47,914],"product_tag":[],"class_list":{"0":"post-975","1":"product","2":"type-product","3":"status-publish","5":"product_cat-buchwesen","6":"product_cat-schrift","7":"product_cat-typographie","8":"product_cat-zvab","10":"first","11":"instock","12":"purchasable","13":"product-type-simple"},"_links":{"self":[{"href":"https:\/\/antiquariat-steinbach.com\/rarebooks\/wp-json\/wp\/v2\/product\/975","targetHints":{"allow":["GET"]}}],"collection":[{"href":"https:\/\/antiquariat-steinbach.com\/rarebooks\/wp-json\/wp\/v2\/product"}],"about":[{"href":"https:\/\/antiquariat-steinbach.com\/rarebooks\/wp-json\/wp\/v2\/types\/product"}],"version-history":[{"count":3,"href":"https:\/\/antiquariat-steinbach.com\/rarebooks\/wp-json\/wp\/v2\/product\/975\/revisions"}],"predecessor-version":[{"id":18670,"href":"https:\/\/antiquariat-steinbach.com\/rarebooks\/wp-json\/wp\/v2\/product\/975\/revisions\/18670"}],"wp:attachment":[{"href":"https:\/\/antiquariat-steinbach.com\/rarebooks\/wp-json\/wp\/v2\/media?parent=975"}],"wp:term":[{"taxonomy":"product_brand","embeddable":true,"href":"https:\/\/antiquariat-steinbach.com\/rarebooks\/wp-json\/wp\/v2\/product_brand?post=975"},{"taxonomy":"product_cat","embeddable":true,"href":"https:\/\/antiquariat-steinbach.com\/rarebooks\/wp-json\/wp\/v2\/product_cat?post=975"},{"taxonomy":"product_tag","embeddable":true,"href":"https:\/\/antiquariat-steinbach.com\/rarebooks\/wp-json\/wp\/v2\/product_tag?post=975"}],"curies":[{"name":"wp","href":"https:\/\/api.w.org\/{rel}","templated":true}]}}