{"id":941,"date":"2026-03-12T00:02:07","date_gmt":"2026-03-11T23:02:07","guid":{"rendered":"http:\/\/antiquariat-steinbach.com\/rarebooks\/produkt\/island-und-die-faroeer\/"},"modified":"2026-03-12T00:02:08","modified_gmt":"2026-03-11T23:02:08","slug":"baumgartner-alexander-island-und-die-faroeer","status":"publish","type":"product","link":"https:\/\/antiquariat-steinbach.com\/rarebooks\/produkt\/baumgartner-alexander-island-und-die-faroeer\/","title":{"rendered":"Baumgartner, Alexander: &#8211;  Island und die Far\u00f6er."},"content":{"rendered":"<p>Freiburg, Herder 1889.<\/p>\n<p>24,5 : 16,5 cm. XIV pages, 1 leaf, 462 pages With coloured frontispice, 16 partly double-page plates, 36 illustrations and 1 map. Coloured illustrated original-cloth.<\/p>\n<p>120,00 EUR<\/p>\n","protected":false},"excerpt":{"rendered":"<p>First edition. &#8211; One of the most important German travel guides to the F\u00e4r\u00f6er islands with many still today usefull information. &#8222;Eines der bedeutendsten deutschen Reiseb\u00fccher \u00fcber die F\u00e4r\u00f6er mit vielen genauen und auch heute noch lesenswerten landskundlichen Informationen. Der Verfasser besuchte die F\u00e4r\u00f6er in den 80er-Jahren des 19. Jahrhunderts&#8220; (Vogt, F\u00e4r\u00f6er-Bibliogr. 034). With a mnayfolded view of Rejkavik.<\/p>\n","protected":false},"featured_media":9903,"template":"","meta":[],"product_brand":[],"product_cat":[238,65,914],"product_tag":[],"class_list":{"0":"post-941","1":"product","2":"type-product","3":"status-publish","4":"has-post-thumbnail","6":"product_cat-arktis","7":"product_cat-geographie","8":"product_cat-zvab","10":"first","11":"instock","12":"purchasable","13":"product-type-simple"},"_links":{"self":[{"href":"https:\/\/antiquariat-steinbach.com\/rarebooks\/wp-json\/wp\/v2\/product\/941","targetHints":{"allow":["GET"]}}],"collection":[{"href":"https:\/\/antiquariat-steinbach.com\/rarebooks\/wp-json\/wp\/v2\/product"}],"about":[{"href":"https:\/\/antiquariat-steinbach.com\/rarebooks\/wp-json\/wp\/v2\/types\/product"}],"version-history":[{"count":3,"href":"https:\/\/antiquariat-steinbach.com\/rarebooks\/wp-json\/wp\/v2\/product\/941\/revisions"}],"predecessor-version":[{"id":18653,"href":"https:\/\/antiquariat-steinbach.com\/rarebooks\/wp-json\/wp\/v2\/product\/941\/revisions\/18653"}],"wp:featuredmedia":[{"embeddable":true,"href":"https:\/\/antiquariat-steinbach.com\/rarebooks\/wp-json\/wp\/v2\/media\/9903"}],"wp:attachment":[{"href":"https:\/\/antiquariat-steinbach.com\/rarebooks\/wp-json\/wp\/v2\/media?parent=941"}],"wp:term":[{"taxonomy":"product_brand","embeddable":true,"href":"https:\/\/antiquariat-steinbach.com\/rarebooks\/wp-json\/wp\/v2\/product_brand?post=941"},{"taxonomy":"product_cat","embeddable":true,"href":"https:\/\/antiquariat-steinbach.com\/rarebooks\/wp-json\/wp\/v2\/product_cat?post=941"},{"taxonomy":"product_tag","embeddable":true,"href":"https:\/\/antiquariat-steinbach.com\/rarebooks\/wp-json\/wp\/v2\/product_tag?post=941"}],"curies":[{"name":"wp","href":"https:\/\/api.w.org\/{rel}","templated":true}]}}