{"id":939,"date":"2026-03-12T00:02:07","date_gmt":"2026-03-11T23:02:07","guid":{"rendered":"http:\/\/antiquariat-steinbach.com\/rarebooks\/produkt\/pestalozzi-staetten\/"},"modified":"2026-03-12T00:02:08","modified_gmt":"2026-03-11T23:02:08","slug":"baumberger-otto-pestalozzi-staetten","status":"publish","type":"product","link":"https:\/\/antiquariat-steinbach.com\/rarebooks\/produkt\/baumberger-otto-pestalozzi-staetten\/","title":{"rendered":"Baumberger, Otto: &#8211;  Pestalozzi-Staetten."},"content":{"rendered":"<p>Z\u00fcrich und Leipzig, Rotapfel-Verlag o.J. (ca. 1925).<\/p>\n<p>33 : 24 cm. 4 Blatt, Inhalt 20 Original-Lithographien von Otto Baumberger. Original-Halbleinenmappe.<\/p>\n<p>55,00 EUR<\/p>\n","protected":false},"excerpt":{"rendered":"<p>Feine Einf\u00fchlung in die Wesensart der St\u00e4tten, wo Pestalozzi gewirkt und gelitten, schuf hier k\u00f6stliche Bl\u00e4tter &#8211; dem Liebhaber graphischer Kunst wie dem Pestalozzifreund zur Freude.<\/p>\n","protected":false},"featured_media":9901,"template":"","meta":[],"product_brand":[],"product_cat":[29,100,43,914],"product_tag":[],"class_list":{"0":"post-939","1":"product","2":"type-product","3":"status-publish","4":"has-post-thumbnail","6":"product_cat-20-jahrhundert","7":"product_cat-helvetica","8":"product_cat-illustrierte-buecher","9":"product_cat-zvab","11":"first","12":"instock","13":"purchasable","14":"product-type-simple"},"_links":{"self":[{"href":"https:\/\/antiquariat-steinbach.com\/rarebooks\/wp-json\/wp\/v2\/product\/939","targetHints":{"allow":["GET"]}}],"collection":[{"href":"https:\/\/antiquariat-steinbach.com\/rarebooks\/wp-json\/wp\/v2\/product"}],"about":[{"href":"https:\/\/antiquariat-steinbach.com\/rarebooks\/wp-json\/wp\/v2\/types\/product"}],"version-history":[{"count":3,"href":"https:\/\/antiquariat-steinbach.com\/rarebooks\/wp-json\/wp\/v2\/product\/939\/revisions"}],"predecessor-version":[{"id":18652,"href":"https:\/\/antiquariat-steinbach.com\/rarebooks\/wp-json\/wp\/v2\/product\/939\/revisions\/18652"}],"wp:featuredmedia":[{"embeddable":true,"href":"https:\/\/antiquariat-steinbach.com\/rarebooks\/wp-json\/wp\/v2\/media\/9901"}],"wp:attachment":[{"href":"https:\/\/antiquariat-steinbach.com\/rarebooks\/wp-json\/wp\/v2\/media?parent=939"}],"wp:term":[{"taxonomy":"product_brand","embeddable":true,"href":"https:\/\/antiquariat-steinbach.com\/rarebooks\/wp-json\/wp\/v2\/product_brand?post=939"},{"taxonomy":"product_cat","embeddable":true,"href":"https:\/\/antiquariat-steinbach.com\/rarebooks\/wp-json\/wp\/v2\/product_cat?post=939"},{"taxonomy":"product_tag","embeddable":true,"href":"https:\/\/antiquariat-steinbach.com\/rarebooks\/wp-json\/wp\/v2\/product_tag?post=939"}],"curies":[{"name":"wp","href":"https:\/\/api.w.org\/{rel}","templated":true}]}}