{"id":925,"date":"2026-03-12T00:02:06","date_gmt":"2026-03-11T23:02:06","guid":{"rendered":"http:\/\/antiquariat-steinbach.com\/rarebooks\/produkt\/deutsche-bauernkunst\/"},"modified":"2026-03-12T00:02:06","modified_gmt":"2026-03-11T23:02:06","slug":"bauernkunst-schwindrazheim-o-deutsche-bauernkunst","status":"publish","type":"product","link":"https:\/\/antiquariat-steinbach.com\/rarebooks\/produkt\/bauernkunst-schwindrazheim-o-deutsche-bauernkunst\/","title":{"rendered":"Bauernkunst &#8211;   Schwindrazheim, O. &#8211;  Deutsche Bauernkunst."},"content":{"rendered":"<p>Wien &#8211; Leipzig, Deutscher Verlag f\u00fcr Jugend und Volk, 1931.<\/p>\n<p>Zweite umgearbeitete und erweiterte Auflage. 24,5 : 18 cm. VII, 243 Seiten, mit 12 Farbtafeln und 202 Abbildungen. Farbig illustrierter Original-Halbleinenband.<\/p>\n<p>30,00 EUR<\/p>\n","protected":false},"excerpt":{"rendered":"<p>\u00dcber b\u00e4uerliche Arbeiten in Holz, Metall, T\u00f6pferei, Glaserei, Schmuck, Tracht etc. Reich illustriert.<\/p>\n","protected":false},"featured_media":0,"template":"","meta":[],"product_brand":[],"product_cat":[74,178,50,231,914],"product_tag":[],"class_list":{"0":"post-925","1":"product","2":"type-product","3":"status-publish","5":"product_cat-deutschland","6":"product_cat-kunstgewerbe","7":"product_cat-kunsthandwerk","8":"product_cat-trachten","9":"product_cat-zvab","11":"first","12":"instock","13":"purchasable","14":"product-type-simple"},"_links":{"self":[{"href":"https:\/\/antiquariat-steinbach.com\/rarebooks\/wp-json\/wp\/v2\/product\/925","targetHints":{"allow":["GET"]}}],"collection":[{"href":"https:\/\/antiquariat-steinbach.com\/rarebooks\/wp-json\/wp\/v2\/product"}],"about":[{"href":"https:\/\/antiquariat-steinbach.com\/rarebooks\/wp-json\/wp\/v2\/types\/product"}],"version-history":[{"count":3,"href":"https:\/\/antiquariat-steinbach.com\/rarebooks\/wp-json\/wp\/v2\/product\/925\/revisions"}],"predecessor-version":[{"id":18644,"href":"https:\/\/antiquariat-steinbach.com\/rarebooks\/wp-json\/wp\/v2\/product\/925\/revisions\/18644"}],"wp:attachment":[{"href":"https:\/\/antiquariat-steinbach.com\/rarebooks\/wp-json\/wp\/v2\/media?parent=925"}],"wp:term":[{"taxonomy":"product_brand","embeddable":true,"href":"https:\/\/antiquariat-steinbach.com\/rarebooks\/wp-json\/wp\/v2\/product_brand?post=925"},{"taxonomy":"product_cat","embeddable":true,"href":"https:\/\/antiquariat-steinbach.com\/rarebooks\/wp-json\/wp\/v2\/product_cat?post=925"},{"taxonomy":"product_tag","embeddable":true,"href":"https:\/\/antiquariat-steinbach.com\/rarebooks\/wp-json\/wp\/v2\/product_tag?post=925"}],"curies":[{"name":"wp","href":"https:\/\/api.w.org\/{rel}","templated":true}]}}