{"id":9189,"date":"2026-03-12T00:28:41","date_gmt":"2026-03-11T23:28:41","guid":{"rendered":"http:\/\/antiquariat-steinbach.com\/rarebooks\/produkt\/gallerie-aus-der-oesterreichischen-vaterlandsgeschichte-in-bildlicher-darstellung\/"},"modified":"2026-03-12T00:28:44","modified_gmt":"2026-03-11T23:28:44","slug":"ziegler-anton-gallerie-aus-der-oesterreichischen-vaterlandsgeschichte-in-bildlicher-darstellung","status":"publish","type":"product","link":"https:\/\/antiquariat-steinbach.com\/rarebooks\/produkt\/ziegler-anton-gallerie-aus-der-oesterreichischen-vaterlandsgeschichte-in-bildlicher-darstellung\/","title":{"rendered":"Ziegler, Anton: &#8211;  Gallerie aus der \u00d6sterreichischen Vaterlandsgeschichte in bildlicher Darstellung."},"content":{"rendered":"<p>Wien, auf Kosten des Verfassers 1838.<\/p>\n<p>25 : 18,5 cm. 104 Blatt mit 52 lithographierten Tafeln. Halbleinenband.<\/p>\n<p>50,00 EUR<\/p>\n","protected":false},"excerpt":{"rendered":"<p>Enth\u00e4lt die au\u00dferordentlichsten Denkw\u00fcrdigkeiten und wichtigsten Ereignisse in der Reihenfolge, aus der Epoche des Habsburg&#8217;schen Hauses bis zum Regierungsantritte Kaiser Ferdinand des I. &#8211; Zwei Tafeln mit Einriss, gegen Ende stellenweise gering fleckig.<\/p>\n","protected":false},"featured_media":16318,"template":"","meta":[],"product_brand":[],"product_cat":[71,97,914],"product_tag":[],"class_list":{"0":"post-9189","1":"product","2":"type-product","3":"status-publish","4":"has-post-thumbnail","6":"product_cat-austriaca","7":"product_cat-geschichte","8":"product_cat-zvab","10":"first","11":"instock","12":"purchasable","13":"product-type-simple"},"_links":{"self":[{"href":"https:\/\/antiquariat-steinbach.com\/rarebooks\/wp-json\/wp\/v2\/product\/9189","targetHints":{"allow":["GET"]}}],"collection":[{"href":"https:\/\/antiquariat-steinbach.com\/rarebooks\/wp-json\/wp\/v2\/product"}],"about":[{"href":"https:\/\/antiquariat-steinbach.com\/rarebooks\/wp-json\/wp\/v2\/types\/product"}],"version-history":[{"count":5,"href":"https:\/\/antiquariat-steinbach.com\/rarebooks\/wp-json\/wp\/v2\/product\/9189\/revisions"}],"predecessor-version":[{"id":27947,"href":"https:\/\/antiquariat-steinbach.com\/rarebooks\/wp-json\/wp\/v2\/product\/9189\/revisions\/27947"}],"wp:featuredmedia":[{"embeddable":true,"href":"https:\/\/antiquariat-steinbach.com\/rarebooks\/wp-json\/wp\/v2\/media\/16318"}],"wp:attachment":[{"href":"https:\/\/antiquariat-steinbach.com\/rarebooks\/wp-json\/wp\/v2\/media?parent=9189"}],"wp:term":[{"taxonomy":"product_brand","embeddable":true,"href":"https:\/\/antiquariat-steinbach.com\/rarebooks\/wp-json\/wp\/v2\/product_brand?post=9189"},{"taxonomy":"product_cat","embeddable":true,"href":"https:\/\/antiquariat-steinbach.com\/rarebooks\/wp-json\/wp\/v2\/product_cat?post=9189"},{"taxonomy":"product_tag","embeddable":true,"href":"https:\/\/antiquariat-steinbach.com\/rarebooks\/wp-json\/wp\/v2\/product_tag?post=9189"}],"curies":[{"name":"wp","href":"https:\/\/api.w.org\/{rel}","templated":true}]}}