{"id":9165,"date":"2026-03-12T00:28:37","date_gmt":"2026-03-11T23:28:37","guid":{"rendered":"http:\/\/antiquariat-steinbach.com\/rarebooks\/produkt\/dramatische-werke\/"},"modified":"2026-03-12T00:28:39","modified_gmt":"2026-03-11T23:28:39","slug":"zedlitz-joseph-christian-freiherr-von-dramatische-werke","status":"publish","type":"product","link":"https:\/\/antiquariat-steinbach.com\/rarebooks\/produkt\/zedlitz-joseph-christian-freiherr-von-dramatische-werke\/","title":{"rendered":"Zedlitz, J(oseph) Ch(ristian) Freiherr von: &#8211;  Dramatische Werke."},"content":{"rendered":"<p>Stuttgart, Cotta 1860.<\/p>\n<p>4 Teile in 2 B\u00e4nden. 15,5 : 12 cm. Halbleinenb\u00e4nde der Zeit mit etwas R\u00fcckenvergoldung.<\/p>\n<p>45,00 EUR<\/p>\n","protected":false},"excerpt":{"rendered":"<p>Stuttgart, Cotta 1860. 4 Teile in 2 B\u00e4nden. 15,5 : 12 cm. Halbleinenb\u00e4nde der Zeit mit etwas R\u00fcckenvergoldung. 45,00 EUR<\/p>\n","protected":false},"featured_media":0,"template":"","meta":[],"product_brand":[],"product_cat":[301,32,103,914],"product_tag":[],"class_list":{"0":"post-9165","1":"product","2":"type-product","3":"status-publish","5":"product_cat-gesamtausgaben","6":"product_cat-literatur","7":"product_cat-michael","8":"product_cat-zvab","10":"first","11":"instock","12":"purchasable","13":"product-type-simple"},"_links":{"self":[{"href":"https:\/\/antiquariat-steinbach.com\/rarebooks\/wp-json\/wp\/v2\/product\/9165","targetHints":{"allow":["GET"]}}],"collection":[{"href":"https:\/\/antiquariat-steinbach.com\/rarebooks\/wp-json\/wp\/v2\/product"}],"about":[{"href":"https:\/\/antiquariat-steinbach.com\/rarebooks\/wp-json\/wp\/v2\/types\/product"}],"version-history":[{"count":3,"href":"https:\/\/antiquariat-steinbach.com\/rarebooks\/wp-json\/wp\/v2\/product\/9165\/revisions"}],"predecessor-version":[{"id":22469,"href":"https:\/\/antiquariat-steinbach.com\/rarebooks\/wp-json\/wp\/v2\/product\/9165\/revisions\/22469"}],"wp:attachment":[{"href":"https:\/\/antiquariat-steinbach.com\/rarebooks\/wp-json\/wp\/v2\/media?parent=9165"}],"wp:term":[{"taxonomy":"product_brand","embeddable":true,"href":"https:\/\/antiquariat-steinbach.com\/rarebooks\/wp-json\/wp\/v2\/product_brand?post=9165"},{"taxonomy":"product_cat","embeddable":true,"href":"https:\/\/antiquariat-steinbach.com\/rarebooks\/wp-json\/wp\/v2\/product_cat?post=9165"},{"taxonomy":"product_tag","embeddable":true,"href":"https:\/\/antiquariat-steinbach.com\/rarebooks\/wp-json\/wp\/v2\/product_tag?post=9165"}],"curies":[{"name":"wp","href":"https:\/\/api.w.org\/{rel}","templated":true}]}}