{"id":9155,"date":"2026-03-12T00:28:37","date_gmt":"2026-03-11T23:28:37","guid":{"rendered":"http:\/\/antiquariat-steinbach.com\/rarebooks\/produkt\/die-neuzeitliche-kueche\/"},"modified":"2026-03-12T00:28:38","modified_gmt":"2026-03-11T23:28:38","slug":"zaech-rudolf-die-neuzeitliche-kueche","status":"publish","type":"product","link":"https:\/\/antiquariat-steinbach.com\/rarebooks\/produkt\/zaech-rudolf-die-neuzeitliche-kueche\/","title":{"rendered":"Z\u00e4ch, Rudolf: &#8211;  Die neuzeitliche K\u00fcche."},"content":{"rendered":"<p>K\u00fcsnacht-Z\u00fcrich, Ehlers o.J. (um 1910).<\/p>\n<p>24 : 16 cm. 2 Blatt, 1110, XXXVI Seiten mit 300 Abbildungen im Text und auf 35 (27 farbigen) Tafeln. Original-Leineband mit R\u00fcckenvergoldung.<\/p>\n<p>25,00 EUR<\/p>\n","protected":false},"excerpt":{"rendered":"<p>Erste Ausgabe. &#8211; Unter den Tafeln besonders sch\u00f6ne Tafelarrangements, Gew\u00fcrze etc. Enth\u00e4lt rund 3750 Rezepte. &#8211; Einband gering fleckig, sonst gutes Exemplar. &#8211; Vgl. Bitting 509.<\/p>\n","protected":false},"featured_media":0,"template":"","meta":[],"product_brand":[],"product_cat":[58,112,914],"product_tag":[],"class_list":{"0":"post-9155","1":"product","2":"type-product","3":"status-publish","5":"product_cat-gastronomie","6":"product_cat-kochbuecher","7":"product_cat-zvab","9":"first","10":"instock","11":"purchasable","12":"product-type-simple"},"_links":{"self":[{"href":"https:\/\/antiquariat-steinbach.com\/rarebooks\/wp-json\/wp\/v2\/product\/9155","targetHints":{"allow":["GET"]}}],"collection":[{"href":"https:\/\/antiquariat-steinbach.com\/rarebooks\/wp-json\/wp\/v2\/product"}],"about":[{"href":"https:\/\/antiquariat-steinbach.com\/rarebooks\/wp-json\/wp\/v2\/types\/product"}],"version-history":[{"count":4,"href":"https:\/\/antiquariat-steinbach.com\/rarebooks\/wp-json\/wp\/v2\/product\/9155\/revisions"}],"predecessor-version":[{"id":26443,"href":"https:\/\/antiquariat-steinbach.com\/rarebooks\/wp-json\/wp\/v2\/product\/9155\/revisions\/26443"}],"wp:attachment":[{"href":"https:\/\/antiquariat-steinbach.com\/rarebooks\/wp-json\/wp\/v2\/media?parent=9155"}],"wp:term":[{"taxonomy":"product_brand","embeddable":true,"href":"https:\/\/antiquariat-steinbach.com\/rarebooks\/wp-json\/wp\/v2\/product_brand?post=9155"},{"taxonomy":"product_cat","embeddable":true,"href":"https:\/\/antiquariat-steinbach.com\/rarebooks\/wp-json\/wp\/v2\/product_cat?post=9155"},{"taxonomy":"product_tag","embeddable":true,"href":"https:\/\/antiquariat-steinbach.com\/rarebooks\/wp-json\/wp\/v2\/product_tag?post=9155"}],"curies":[{"name":"wp","href":"https:\/\/api.w.org\/{rel}","templated":true}]}}