{"id":9123,"date":"2026-03-12T00:28:02","date_gmt":"2026-03-11T23:28:02","guid":{"rendered":"http:\/\/antiquariat-steinbach.com\/rarebooks\/produkt\/wuerttemb-erg-un-d-hohenzollern-ewin-reisebegleiter-durch-das-schoene-schwabenland\/"},"modified":"2026-03-12T00:28:04","modified_gmt":"2026-03-11T23:28:04","slug":"wuerttemberg-stroehmfeld-gustav-wuerttemb-erg-un-d-hohenzollern-ewin-reisebegleiter-durch-das-schoene-schwabenland","status":"publish","type":"product","link":"https:\/\/antiquariat-steinbach.com\/rarebooks\/produkt\/wuerttemberg-stroehmfeld-gustav-wuerttemb-erg-un-d-hohenzollern-ewin-reisebegleiter-durch-das-schoene-schwabenland\/","title":{"rendered":"W\u00fcrttemberg &#8211;   Str\u00f6hmfeld, Gustav. &#8211;  W\u00fcrttemb erg un d Hohenzollern. EWin Reisebegleiter durch das sch\u00f6ne Schwabenland."},"content":{"rendered":"<p>Stuttgart, ca. 1912.<\/p>\n<p>21 : 13,5 cm. 24 Seiten mit farbigen Abbildungen.<\/p>\n<p>20,00 EUR<\/p>\n","protected":false},"excerpt":{"rendered":"<p>Beiliegt: W\u00fcrtt. Schwarzwald, Schw\u00e4bische Alp, Reisepl\u00e4ne, Rundreisekarte W\u00fcrttemberg-Schweiz. Stuttgart 16 Seiten &#8211; Werbeblatt: Grosse Kunstausstellung Stuttgart 1913.<\/p>\n","protected":false},"featured_media":0,"template":"","meta":[],"product_brand":[],"product_cat":[74,584,66,906,914],"product_tag":[],"class_list":{"0":"post-9123","1":"product","2":"type-product","3":"status-publish","5":"product_cat-deutschland","6":"product_cat-reisefuehrer","7":"product_cat-reisen","8":"product_cat-wuerttembergica","9":"product_cat-zvab","11":"first","12":"instock","13":"purchasable","14":"product-type-simple"},"_links":{"self":[{"href":"https:\/\/antiquariat-steinbach.com\/rarebooks\/wp-json\/wp\/v2\/product\/9123","targetHints":{"allow":["GET"]}}],"collection":[{"href":"https:\/\/antiquariat-steinbach.com\/rarebooks\/wp-json\/wp\/v2\/product"}],"about":[{"href":"https:\/\/antiquariat-steinbach.com\/rarebooks\/wp-json\/wp\/v2\/types\/product"}],"version-history":[{"count":3,"href":"https:\/\/antiquariat-steinbach.com\/rarebooks\/wp-json\/wp\/v2\/product\/9123\/revisions"}],"predecessor-version":[{"id":22450,"href":"https:\/\/antiquariat-steinbach.com\/rarebooks\/wp-json\/wp\/v2\/product\/9123\/revisions\/22450"}],"wp:attachment":[{"href":"https:\/\/antiquariat-steinbach.com\/rarebooks\/wp-json\/wp\/v2\/media?parent=9123"}],"wp:term":[{"taxonomy":"product_brand","embeddable":true,"href":"https:\/\/antiquariat-steinbach.com\/rarebooks\/wp-json\/wp\/v2\/product_brand?post=9123"},{"taxonomy":"product_cat","embeddable":true,"href":"https:\/\/antiquariat-steinbach.com\/rarebooks\/wp-json\/wp\/v2\/product_cat?post=9123"},{"taxonomy":"product_tag","embeddable":true,"href":"https:\/\/antiquariat-steinbach.com\/rarebooks\/wp-json\/wp\/v2\/product_tag?post=9123"}],"curies":[{"name":"wp","href":"https:\/\/api.w.org\/{rel}","templated":true}]}}