{"id":9095,"date":"2026-03-12T00:26:58","date_gmt":"2026-03-11T23:26:58","guid":{"rendered":"http:\/\/antiquariat-steinbach.com\/rarebooks\/produkt\/supp-gemues-und-fleisch\/"},"modified":"2026-03-12T00:27:00","modified_gmt":"2026-03-11T23:27:00","slug":"wolff-kuechler-lina-supp-gemues-und-fleisch","status":"publish","type":"product","link":"https:\/\/antiquariat-steinbach.com\/rarebooks\/produkt\/wolff-kuechler-lina-supp-gemues-und-fleisch\/","title":{"rendered":"Wolff-K\u00fcchler, Lina: &#8211;  Supp&#8216;, Gem\u00fcs&#8216; und Fleisch."},"content":{"rendered":"<p>Darmstadt, K\u00f6hler 1893.<\/p>\n<p>141.-145. Tausend. 17,5 : 11,5 cm. XXXIX, 392 Seiten mit Frontispiz. Leinenband der Zeit.<\/p>\n<p>80,00 EUR<\/p>\n","protected":false},"excerpt":{"rendered":"<p>Enth\u00e4lt 1052 Rezepte f\u00fcr alle Bereiche der Kochkunst. B\u00fcrgerlich an der franz\u00f6sischen K\u00fcche orientiert, wobei deutscher Sinn f\u00fcr Sparsamkeit ber\u00fccksichtigt wurde. &#8211; Papierbedingt gebr\u00e4unt, die letzten (w.) Blatt mit handschriftlichen Notizen, 1 Blatt eingerissen; Buchblock etwas gelockert. &#8211; Weiss 4288; nicht bei Horn\/A.<\/p>\n","protected":false},"featured_media":27522,"template":"","meta":[],"product_brand":[],"product_cat":[58,112,914],"product_tag":[],"class_list":{"0":"post-9095","1":"product","2":"type-product","3":"status-publish","4":"has-post-thumbnail","6":"product_cat-gastronomie","7":"product_cat-kochbuecher","8":"product_cat-zvab","10":"first","11":"instock","12":"purchasable","13":"product-type-simple"},"_links":{"self":[{"href":"https:\/\/antiquariat-steinbach.com\/rarebooks\/wp-json\/wp\/v2\/product\/9095","targetHints":{"allow":["GET"]}}],"collection":[{"href":"https:\/\/antiquariat-steinbach.com\/rarebooks\/wp-json\/wp\/v2\/product"}],"about":[{"href":"https:\/\/antiquariat-steinbach.com\/rarebooks\/wp-json\/wp\/v2\/types\/product"}],"version-history":[{"count":4,"href":"https:\/\/antiquariat-steinbach.com\/rarebooks\/wp-json\/wp\/v2\/product\/9095\/revisions"}],"predecessor-version":[{"id":27521,"href":"https:\/\/antiquariat-steinbach.com\/rarebooks\/wp-json\/wp\/v2\/product\/9095\/revisions\/27521"}],"wp:featuredmedia":[{"embeddable":true,"href":"https:\/\/antiquariat-steinbach.com\/rarebooks\/wp-json\/wp\/v2\/media\/27522"}],"wp:attachment":[{"href":"https:\/\/antiquariat-steinbach.com\/rarebooks\/wp-json\/wp\/v2\/media?parent=9095"}],"wp:term":[{"taxonomy":"product_brand","embeddable":true,"href":"https:\/\/antiquariat-steinbach.com\/rarebooks\/wp-json\/wp\/v2\/product_brand?post=9095"},{"taxonomy":"product_cat","embeddable":true,"href":"https:\/\/antiquariat-steinbach.com\/rarebooks\/wp-json\/wp\/v2\/product_cat?post=9095"},{"taxonomy":"product_tag","embeddable":true,"href":"https:\/\/antiquariat-steinbach.com\/rarebooks\/wp-json\/wp\/v2\/product_tag?post=9095"}],"curies":[{"name":"wp","href":"https:\/\/api.w.org\/{rel}","templated":true}]}}