{"id":9091,"date":"2026-03-12T00:26:58","date_gmt":"2026-03-11T23:26:58","guid":{"rendered":"http:\/\/antiquariat-steinbach.com\/rarebooks\/produkt\/bajerische-geschichte-fuer-alle-staende-des-vaterlandes-ohne-unterschied-von-den-fruehesten-zeiten-bis-zum-jahre-1832\/"},"modified":"2026-03-12T00:26:59","modified_gmt":"2026-03-11T23:26:59","slug":"wolf-joseph-heinrich-bajerische-geschichte-fuer-alle-staende-des-vaterlandes-ohne-unterschied-von-den-fruehesten-zeiten-bis-zum-jahre-1832","status":"publish","type":"product","link":"https:\/\/antiquariat-steinbach.com\/rarebooks\/produkt\/wolf-joseph-heinrich-bajerische-geschichte-fuer-alle-staende-des-vaterlandes-ohne-unterschied-von-den-fruehesten-zeiten-bis-zum-jahre-1832\/","title":{"rendered":"Wolf, Joseph Heinrich: &#8211;  Bajerische Geschichte f\u00fcr alle St\u00e4nde des Vaterlandes ohne Unterschied von den fr\u00fchesten Zeiten bis zum Jahre 1832."},"content":{"rendered":"<p>M\u00fcnchen, Fleischmann 1832.<\/p>\n<p>Band 2 (von 4) 20,5 : 13 cm. 399 Seiten. Pappband der Zeit mit R\u00fcckenschild.<\/p>\n<p>20,00 EUR<\/p>\n","protected":false},"excerpt":{"rendered":"<p>Erste Ausgabe. &#8211; Lentner 4562.<\/p>\n","protected":false},"featured_media":0,"template":"","meta":[],"product_brand":[],"product_cat":[73,97,914],"product_tag":[],"class_list":{"0":"post-9091","1":"product","2":"type-product","3":"status-publish","5":"product_cat-bayern","6":"product_cat-geschichte","7":"product_cat-zvab","9":"first","10":"instock","11":"purchasable","12":"product-type-simple"},"_links":{"self":[{"href":"https:\/\/antiquariat-steinbach.com\/rarebooks\/wp-json\/wp\/v2\/product\/9091","targetHints":{"allow":["GET"]}}],"collection":[{"href":"https:\/\/antiquariat-steinbach.com\/rarebooks\/wp-json\/wp\/v2\/product"}],"about":[{"href":"https:\/\/antiquariat-steinbach.com\/rarebooks\/wp-json\/wp\/v2\/types\/product"}],"version-history":[{"count":3,"href":"https:\/\/antiquariat-steinbach.com\/rarebooks\/wp-json\/wp\/v2\/product\/9091\/revisions"}],"predecessor-version":[{"id":22435,"href":"https:\/\/antiquariat-steinbach.com\/rarebooks\/wp-json\/wp\/v2\/product\/9091\/revisions\/22435"}],"wp:attachment":[{"href":"https:\/\/antiquariat-steinbach.com\/rarebooks\/wp-json\/wp\/v2\/media?parent=9091"}],"wp:term":[{"taxonomy":"product_brand","embeddable":true,"href":"https:\/\/antiquariat-steinbach.com\/rarebooks\/wp-json\/wp\/v2\/product_brand?post=9091"},{"taxonomy":"product_cat","embeddable":true,"href":"https:\/\/antiquariat-steinbach.com\/rarebooks\/wp-json\/wp\/v2\/product_cat?post=9091"},{"taxonomy":"product_tag","embeddable":true,"href":"https:\/\/antiquariat-steinbach.com\/rarebooks\/wp-json\/wp\/v2\/product_tag?post=9091"}],"curies":[{"name":"wp","href":"https:\/\/api.w.org\/{rel}","templated":true}]}}