{"id":909,"date":"2026-03-12T00:02:04","date_gmt":"2026-03-11T23:02:04","guid":{"rendered":"http:\/\/antiquariat-steinbach.com\/rarebooks\/produkt\/sofort-bauchredner-und-tierstimmen-imitator-praktische-anleitung-die-kunst-des-bauchredens-nach-der-zweckmaessigsten-methode-durch-selbstunterricht-sicher-zu-erlernen\/"},"modified":"2026-03-12T00:02:05","modified_gmt":"2026-03-11T23:02:05","slug":"bauchredener-maclean-a-p-sofort-bauchredner-und-tierstimmen-imitator-praktische-anleitung-die-kunst-des-bauchredens-nach-der-zweckmaessigsten-methode-durch-selbstunterricht-sicher-zu-erlern","status":"publish","type":"product","link":"https:\/\/antiquariat-steinbach.com\/rarebooks\/produkt\/bauchredener-maclean-a-p-sofort-bauchredner-und-tierstimmen-imitator-praktische-anleitung-die-kunst-des-bauchredens-nach-der-zweckmaessigsten-methode-durch-selbstunterricht-sicher-zu-erlern\/","title":{"rendered":"Bauchredener &#8211;   Maclean, A.P: &#8211;  Sofort Bauchredner und Tierstimmen-Imitator! Praktische Anleitung, die Kunst des Bauchredens nach der zweckm\u00e4\u00dfigsten Methode durch Selbstunterricht sicher zu erlernen."},"content":{"rendered":"<p>Leipzig, Sch\u00f6ttel o.J.(um 1900).<\/p>\n<p>20 : 13,5 cm. 64 Seitenb, 2 Blatt mit einigen Abbildungen. Typographisch bedruckter Original-Umschlag.<\/p>\n<p>160,00 EUR<\/p>\n","protected":false},"excerpt":{"rendered":"<p>Au\u00dferdem Anweisung zur Imitation von Tierstimmen, Musikinstrumenten und der verschiedenartigsten Ger\u00e4usche. &#8211; Umschlag gering fleckig und mit wenigen, winzigen Fehlstellen.<\/p>\n","protected":false},"featured_media":16375,"template":"","meta":[],"product_brand":[],"product_cat":[111,914],"product_tag":[],"class_list":{"0":"post-909","1":"product","2":"type-product","3":"status-publish","4":"has-post-thumbnail","6":"product_cat-varia","7":"product_cat-zvab","9":"first","10":"instock","11":"purchasable","12":"product-type-simple"},"_links":{"self":[{"href":"https:\/\/antiquariat-steinbach.com\/rarebooks\/wp-json\/wp\/v2\/product\/909","targetHints":{"allow":["GET"]}}],"collection":[{"href":"https:\/\/antiquariat-steinbach.com\/rarebooks\/wp-json\/wp\/v2\/product"}],"about":[{"href":"https:\/\/antiquariat-steinbach.com\/rarebooks\/wp-json\/wp\/v2\/types\/product"}],"version-history":[{"count":3,"href":"https:\/\/antiquariat-steinbach.com\/rarebooks\/wp-json\/wp\/v2\/product\/909\/revisions"}],"predecessor-version":[{"id":18636,"href":"https:\/\/antiquariat-steinbach.com\/rarebooks\/wp-json\/wp\/v2\/product\/909\/revisions\/18636"}],"wp:featuredmedia":[{"embeddable":true,"href":"https:\/\/antiquariat-steinbach.com\/rarebooks\/wp-json\/wp\/v2\/media\/16375"}],"wp:attachment":[{"href":"https:\/\/antiquariat-steinbach.com\/rarebooks\/wp-json\/wp\/v2\/media?parent=909"}],"wp:term":[{"taxonomy":"product_brand","embeddable":true,"href":"https:\/\/antiquariat-steinbach.com\/rarebooks\/wp-json\/wp\/v2\/product_brand?post=909"},{"taxonomy":"product_cat","embeddable":true,"href":"https:\/\/antiquariat-steinbach.com\/rarebooks\/wp-json\/wp\/v2\/product_cat?post=909"},{"taxonomy":"product_tag","embeddable":true,"href":"https:\/\/antiquariat-steinbach.com\/rarebooks\/wp-json\/wp\/v2\/product_tag?post=909"}],"curies":[{"name":"wp","href":"https:\/\/api.w.org\/{rel}","templated":true}]}}