{"id":9085,"date":"2026-03-12T00:26:58","date_gmt":"2026-03-11T23:26:58","guid":{"rendered":"http:\/\/antiquariat-steinbach.com\/rarebooks\/produkt\/muenchner-kuenstlerfeste\/"},"modified":"2026-03-12T00:26:59","modified_gmt":"2026-03-11T23:26:59","slug":"wolf-georg-jacob-muenchner-kuenstlerfeste","status":"publish","type":"product","link":"https:\/\/antiquariat-steinbach.com\/rarebooks\/produkt\/wolf-georg-jacob-muenchner-kuenstlerfeste\/","title":{"rendered":"Wolf, Georg Jacob: &#8211;  M\u00fcnchner K\u00fcnstlerfeste."},"content":{"rendered":"<p>M\u00fcnchen, Bruckmann 1925.<\/p>\n<p>25 : 19 cm. 228 Seiten mit vielen, teils farbigen Tafeln und Abbildungen. Original-Karton mit farbig illustriertem Original-Schutzumschlag.<\/p>\n<p>20,00 EUR<\/p>\n","protected":false},"excerpt":{"rendered":"<p>M\u00fcnchen, Bruckmann 1925. 25 : 19 cm. 228 Seiten mit vielen, teils farbigen Tafeln und Abbildungen. Original-Karton mit farbig illustriertem&hellip;<\/p>\n","protected":false},"featured_media":0,"template":"","meta":[],"product_brand":[],"product_cat":[29,43,467,914],"product_tag":[],"class_list":{"0":"post-9085","1":"product","2":"type-product","3":"status-publish","5":"product_cat-20-jahrhundert","6":"product_cat-illustrierte-buecher","7":"product_cat-monacensia","8":"product_cat-zvab","10":"first","11":"instock","12":"purchasable","13":"product-type-simple"},"_links":{"self":[{"href":"https:\/\/antiquariat-steinbach.com\/rarebooks\/wp-json\/wp\/v2\/product\/9085","targetHints":{"allow":["GET"]}}],"collection":[{"href":"https:\/\/antiquariat-steinbach.com\/rarebooks\/wp-json\/wp\/v2\/product"}],"about":[{"href":"https:\/\/antiquariat-steinbach.com\/rarebooks\/wp-json\/wp\/v2\/types\/product"}],"version-history":[{"count":3,"href":"https:\/\/antiquariat-steinbach.com\/rarebooks\/wp-json\/wp\/v2\/product\/9085\/revisions"}],"predecessor-version":[{"id":22432,"href":"https:\/\/antiquariat-steinbach.com\/rarebooks\/wp-json\/wp\/v2\/product\/9085\/revisions\/22432"}],"wp:attachment":[{"href":"https:\/\/antiquariat-steinbach.com\/rarebooks\/wp-json\/wp\/v2\/media?parent=9085"}],"wp:term":[{"taxonomy":"product_brand","embeddable":true,"href":"https:\/\/antiquariat-steinbach.com\/rarebooks\/wp-json\/wp\/v2\/product_brand?post=9085"},{"taxonomy":"product_cat","embeddable":true,"href":"https:\/\/antiquariat-steinbach.com\/rarebooks\/wp-json\/wp\/v2\/product_cat?post=9085"},{"taxonomy":"product_tag","embeddable":true,"href":"https:\/\/antiquariat-steinbach.com\/rarebooks\/wp-json\/wp\/v2\/product_tag?post=9085"}],"curies":[{"name":"wp","href":"https:\/\/api.w.org\/{rel}","templated":true}]}}