{"id":9083,"date":"2026-03-12T00:26:58","date_gmt":"2026-03-11T23:26:58","guid":{"rendered":"http:\/\/antiquariat-steinbach.com\/rarebooks\/produkt\/muenchener-kuenstlergenossenschaft-und-secession\/"},"modified":"2026-03-12T00:26:58","modified_gmt":"2026-03-11T23:26:58","slug":"wolf-georg-jacob-muenchener-kuenstlergenossenschaft-und-secession","status":"publish","type":"product","link":"https:\/\/antiquariat-steinbach.com\/rarebooks\/produkt\/wolf-georg-jacob-muenchener-kuenstlergenossenschaft-und-secession\/","title":{"rendered":"Wolf, Georg Jacob: &#8211;  M\u00fcnchener K\u00fcnstlergenossenschaft und Secession."},"content":{"rendered":"<p>M\u00fcnchen, Drei Eulen-Verlag o.J. (um 1928).<\/p>\n<p>28 : 22,5 cm. 8 Blatt mit 100 Tafeln. Original-Karton.<\/p>\n<p>20,00 EUR<\/p>\n","protected":false},"excerpt":{"rendered":"<p>Etwas fleckig.<\/p>\n","protected":false},"featured_media":0,"template":"","meta":[],"product_brand":[],"product_cat":[69,467,914],"product_tag":[],"class_list":{"0":"post-9083","1":"product","2":"type-product","3":"status-publish","5":"product_cat-kunstgeschichte","6":"product_cat-monacensia","7":"product_cat-zvab","9":"first","10":"instock","11":"purchasable","12":"product-type-simple"},"_links":{"self":[{"href":"https:\/\/antiquariat-steinbach.com\/rarebooks\/wp-json\/wp\/v2\/product\/9083","targetHints":{"allow":["GET"]}}],"collection":[{"href":"https:\/\/antiquariat-steinbach.com\/rarebooks\/wp-json\/wp\/v2\/product"}],"about":[{"href":"https:\/\/antiquariat-steinbach.com\/rarebooks\/wp-json\/wp\/v2\/types\/product"}],"version-history":[{"count":3,"href":"https:\/\/antiquariat-steinbach.com\/rarebooks\/wp-json\/wp\/v2\/product\/9083\/revisions"}],"predecessor-version":[{"id":22431,"href":"https:\/\/antiquariat-steinbach.com\/rarebooks\/wp-json\/wp\/v2\/product\/9083\/revisions\/22431"}],"wp:attachment":[{"href":"https:\/\/antiquariat-steinbach.com\/rarebooks\/wp-json\/wp\/v2\/media?parent=9083"}],"wp:term":[{"taxonomy":"product_brand","embeddable":true,"href":"https:\/\/antiquariat-steinbach.com\/rarebooks\/wp-json\/wp\/v2\/product_brand?post=9083"},{"taxonomy":"product_cat","embeddable":true,"href":"https:\/\/antiquariat-steinbach.com\/rarebooks\/wp-json\/wp\/v2\/product_cat?post=9083"},{"taxonomy":"product_tag","embeddable":true,"href":"https:\/\/antiquariat-steinbach.com\/rarebooks\/wp-json\/wp\/v2\/product_tag?post=9083"}],"curies":[{"name":"wp","href":"https:\/\/api.w.org\/{rel}","templated":true}]}}