{"id":9077,"date":"2026-03-12T00:26:56","date_gmt":"2026-03-11T23:26:56","guid":{"rendered":"http:\/\/antiquariat-steinbach.com\/rarebooks\/produkt\/erste-jahrgang\/"},"modified":"2026-03-12T00:26:58","modified_gmt":"2026-03-11T23:26:58","slug":"wohlfeilster-oesterreichischer-zweigroschen-kalender-fuer-das-schaltjahr-1856-erste-jahrgang","status":"publish","type":"product","link":"https:\/\/antiquariat-steinbach.com\/rarebooks\/produkt\/wohlfeilster-oesterreichischer-zweigroschen-kalender-fuer-das-schaltjahr-1856-erste-jahrgang\/","title":{"rendered":"Wohlfeilster \u00f6sterreichischer Zweigroschen-Kalender f\u00fcr das Schaltjahr 1856. &#8211;  Erste Jahrgang."},"content":{"rendered":"<p>Wien, Ludwig und Zang, 1856.<\/p>\n<p>Zweite vermehrte Auflage. 20 : 14 cm. Mit geschnittenen Frontispiece, 104 Seiten. Typographisch bedruckter Original-Umschlag.<\/p>\n<p>60,00 EUR<\/p>\n","protected":false},"excerpt":{"rendered":"<p>Enth\u00e4lt neben geschichtlichen \u00dcberblick auch Beitr\u00e4ge wie &#8218;Die einrichtung und Amtswirksamkeit der Bezirks\u00e4mter&#8216;, &#8218;Ueber die Auswanderung&#8216;, &#8218;Der Narren-Sechser&#8216;, &#8218;Stemple-Geb\u00fchren&#8216; etc. &#8211; Umschlag etwas angestaubt.<\/p>\n","protected":false},"featured_media":16356,"template":"","meta":[],"product_brand":[],"product_cat":[71,97,117,90,914],"product_tag":[],"class_list":{"0":"post-9077","1":"product","2":"type-product","3":"status-publish","4":"has-post-thumbnail","6":"product_cat-austriaca","7":"product_cat-geschichte","8":"product_cat-kalender","9":"product_cat-viennensia","10":"product_cat-zvab","12":"first","13":"instock","14":"purchasable","15":"product-type-simple"},"_links":{"self":[{"href":"https:\/\/antiquariat-steinbach.com\/rarebooks\/wp-json\/wp\/v2\/product\/9077","targetHints":{"allow":["GET"]}}],"collection":[{"href":"https:\/\/antiquariat-steinbach.com\/rarebooks\/wp-json\/wp\/v2\/product"}],"about":[{"href":"https:\/\/antiquariat-steinbach.com\/rarebooks\/wp-json\/wp\/v2\/types\/product"}],"version-history":[{"count":5,"href":"https:\/\/antiquariat-steinbach.com\/rarebooks\/wp-json\/wp\/v2\/product\/9077\/revisions"}],"predecessor-version":[{"id":27936,"href":"https:\/\/antiquariat-steinbach.com\/rarebooks\/wp-json\/wp\/v2\/product\/9077\/revisions\/27936"}],"wp:featuredmedia":[{"embeddable":true,"href":"https:\/\/antiquariat-steinbach.com\/rarebooks\/wp-json\/wp\/v2\/media\/16356"}],"wp:attachment":[{"href":"https:\/\/antiquariat-steinbach.com\/rarebooks\/wp-json\/wp\/v2\/media?parent=9077"}],"wp:term":[{"taxonomy":"product_brand","embeddable":true,"href":"https:\/\/antiquariat-steinbach.com\/rarebooks\/wp-json\/wp\/v2\/product_brand?post=9077"},{"taxonomy":"product_cat","embeddable":true,"href":"https:\/\/antiquariat-steinbach.com\/rarebooks\/wp-json\/wp\/v2\/product_cat?post=9077"},{"taxonomy":"product_tag","embeddable":true,"href":"https:\/\/antiquariat-steinbach.com\/rarebooks\/wp-json\/wp\/v2\/product_tag?post=9077"}],"curies":[{"name":"wp","href":"https:\/\/api.w.org\/{rel}","templated":true}]}}