{"id":9045,"date":"2026-03-12T00:26:53","date_gmt":"2026-03-11T23:26:53","guid":{"rendered":"http:\/\/antiquariat-steinbach.com\/rarebooks\/produkt\/9045\/"},"modified":"2026-03-12T00:26:56","modified_gmt":"2026-03-11T23:26:56","slug":"wirtshaus-an-der-lahn-das","status":"publish","type":"product","link":"https:\/\/antiquariat-steinbach.com\/rarebooks\/produkt\/wirtshaus-an-der-lahn-das\/","title":{"rendered":"Wirtshaus an der Lahn, Das: &#8211;"},"content":{"rendered":"<p>O.O. u.Dr (1922)\u00a0.<\/p>\n<p>29,5 : 23 cm. 38 Seiten Mit 8 ganzseitigen Original-Holzschnitten und je einer Titel- und Schlu\u00dfvignette von S. Sido. Original-Halblederband mit etwas R\u00fcckenvergoldung.<\/p>\n<p>180,00 EUR<\/p>\n","protected":false},"excerpt":{"rendered":"<p>Eines von 950 numerierten Exemplaren der einmaligen Auflage. Seltener Privatdruck f\u00fcr Franz Graf Westenham. Deftige und derb-dreiste Volkserotik. Breitrandiger Druck auf B\u00fctten. &#8211; Ri\u00df im Titelblatt unterlegt, die ersten 3 Blatt seitlich angesetzt; Einband etwas berieben. -ayn-Got. IX, 633.<\/p>\n","protected":false},"featured_media":0,"template":"","meta":[],"product_brand":[],"product_cat":[142,43,628,914],"product_tag":[],"class_list":{"0":"post-9045","1":"product","2":"type-product","3":"status-publish","5":"product_cat-erotika","6":"product_cat-illustrierte-buecher","7":"product_cat-stu2011","8":"product_cat-zvab","10":"first","11":"instock","12":"purchasable","13":"product-type-simple"},"_links":{"self":[{"href":"https:\/\/antiquariat-steinbach.com\/rarebooks\/wp-json\/wp\/v2\/product\/9045","targetHints":{"allow":["GET"]}}],"collection":[{"href":"https:\/\/antiquariat-steinbach.com\/rarebooks\/wp-json\/wp\/v2\/product"}],"about":[{"href":"https:\/\/antiquariat-steinbach.com\/rarebooks\/wp-json\/wp\/v2\/types\/product"}],"version-history":[{"count":3,"href":"https:\/\/antiquariat-steinbach.com\/rarebooks\/wp-json\/wp\/v2\/product\/9045\/revisions"}],"predecessor-version":[{"id":22414,"href":"https:\/\/antiquariat-steinbach.com\/rarebooks\/wp-json\/wp\/v2\/product\/9045\/revisions\/22414"}],"wp:attachment":[{"href":"https:\/\/antiquariat-steinbach.com\/rarebooks\/wp-json\/wp\/v2\/media?parent=9045"}],"wp:term":[{"taxonomy":"product_brand","embeddable":true,"href":"https:\/\/antiquariat-steinbach.com\/rarebooks\/wp-json\/wp\/v2\/product_brand?post=9045"},{"taxonomy":"product_cat","embeddable":true,"href":"https:\/\/antiquariat-steinbach.com\/rarebooks\/wp-json\/wp\/v2\/product_cat?post=9045"},{"taxonomy":"product_tag","embeddable":true,"href":"https:\/\/antiquariat-steinbach.com\/rarebooks\/wp-json\/wp\/v2\/product_tag?post=9045"}],"curies":[{"name":"wp","href":"https:\/\/api.w.org\/{rel}","templated":true}]}}