{"id":9041,"date":"2026-03-12T00:26:53","date_gmt":"2026-03-11T23:26:53","guid":{"rendered":"http:\/\/antiquariat-steinbach.com\/rarebooks\/produkt\/der-vogelflug-erklaerung-der-wichtigsten-flugartender-voegel-mit-einschliesung-des-segelns-und-kreisens\/"},"modified":"2026-03-12T00:26:55","modified_gmt":"2026-03-11T23:26:55","slug":"winter-wilhelm-der-vogelflug-erklaerung-der-wichtigsten-flugartender-voegel-mit-einschliesung-des-segelns-und-kreisens","status":"publish","type":"product","link":"https:\/\/antiquariat-steinbach.com\/rarebooks\/produkt\/winter-wilhelm-der-vogelflug-erklaerung-der-wichtigsten-flugartender-voegel-mit-einschliesung-des-segelns-und-kreisens\/","title":{"rendered":"Winter, Wilhelm. &#8211;  Der Vogelflug. ERkl\u00e4rung der wichtigsten Flugartender V\u00f6gel. Mit Einschliesung des Segelns und Kreisens."},"content":{"rendered":"<p>M\u00fcnchen, Ackermann, 1895.<\/p>\n<p>22 : 15 cm. VIII, 172 Seiten mit 20 Abbildungen. Original-Umschlag.<\/p>\n<p>40,00 EUR<\/p>\n","protected":false},"excerpt":{"rendered":"<p>\u00dcber die verschiedenen Arten wie V\u00f6gel fliegen. &#8211; Titelblatt mit Einri\u00df und kleinem Stampel, Umschlag mit Einrissen und lose.<\/p>\n","protected":false},"featured_media":0,"template":"","meta":[],"product_brand":[],"product_cat":[77,295,98,914],"product_tag":[],"class_list":{"0":"post-9041","1":"product","2":"type-product","3":"status-publish","5":"product_cat-technik","6":"product_cat-voegel","7":"product_cat-zoologie","8":"product_cat-zvab","10":"first","11":"instock","12":"purchasable","13":"product-type-simple"},"_links":{"self":[{"href":"https:\/\/antiquariat-steinbach.com\/rarebooks\/wp-json\/wp\/v2\/product\/9041","targetHints":{"allow":["GET"]}}],"collection":[{"href":"https:\/\/antiquariat-steinbach.com\/rarebooks\/wp-json\/wp\/v2\/product"}],"about":[{"href":"https:\/\/antiquariat-steinbach.com\/rarebooks\/wp-json\/wp\/v2\/types\/product"}],"version-history":[{"count":3,"href":"https:\/\/antiquariat-steinbach.com\/rarebooks\/wp-json\/wp\/v2\/product\/9041\/revisions"}],"predecessor-version":[{"id":22412,"href":"https:\/\/antiquariat-steinbach.com\/rarebooks\/wp-json\/wp\/v2\/product\/9041\/revisions\/22412"}],"wp:attachment":[{"href":"https:\/\/antiquariat-steinbach.com\/rarebooks\/wp-json\/wp\/v2\/media?parent=9041"}],"wp:term":[{"taxonomy":"product_brand","embeddable":true,"href":"https:\/\/antiquariat-steinbach.com\/rarebooks\/wp-json\/wp\/v2\/product_brand?post=9041"},{"taxonomy":"product_cat","embeddable":true,"href":"https:\/\/antiquariat-steinbach.com\/rarebooks\/wp-json\/wp\/v2\/product_cat?post=9041"},{"taxonomy":"product_tag","embeddable":true,"href":"https:\/\/antiquariat-steinbach.com\/rarebooks\/wp-json\/wp\/v2\/product_tag?post=9041"}],"curies":[{"name":"wp","href":"https:\/\/api.w.org\/{rel}","templated":true}]}}