{"id":9039,"date":"2026-03-12T00:26:53","date_gmt":"2026-03-11T23:26:53","guid":{"rendered":"http:\/\/antiquariat-steinbach.com\/rarebooks\/produkt\/wiener\/"},"modified":"2026-03-12T00:26:55","modified_gmt":"2026-03-11T23:26:55","slug":"winkler-gert-michael-satke-guenther-lebisch-wiener","status":"publish","type":"product","link":"https:\/\/antiquariat-steinbach.com\/rarebooks\/produkt\/winkler-gert-michael-satke-guenther-lebisch-wiener\/","title":{"rendered":"Winkler, Gert, Michael Satke, G\u00fcnther Lebisch. &#8211;  Wiener"},"content":{"rendered":"<p>Wien, 1979.<\/p>\n<p>Heft 2 f\u00fcr November 40 : 26 cm. 24 Blatt mit vielen Abbildungen. Farbig illustrierter Original-Umschlag.<\/p>\n<p>60,00 EUR<\/p>\n","protected":false},"excerpt":{"rendered":"<p>Die Zeitschrift wurde schon nach 4 Nummern wegen finanzieller Schwierigkeiten eingestellt. Entsprechend selten sind die einzelnen Hefte. 1980 erschien der Wiener in neuer From  wieder und erscheint bis heute. Im vorliegenden Heft sind Beitr\u00e4ge \u00fcber Heinz W. Schimanko, \u00fcber das Ronacher, \u00fcber das &#8218;Club Cafe&#8216; in der Franzensbr\u00fcckenstrasse, \u00fcber Kim &#8222;Froschi&#8220; Ponschab, Peter Weibewl, Curd J\u00fcrgens, Rosa von Praunheim etc.<\/p>\n","protected":false},"featured_media":22861,"template":"","meta":[],"product_brand":[],"product_cat":[59,90,52,914],"product_tag":[],"class_list":{"0":"post-9039","1":"product","2":"type-product","3":"status-publish","4":"has-post-thumbnail","6":"product_cat-kulturgeschichte","7":"product_cat-viennensia","8":"product_cat-zeitschriften","9":"product_cat-zvab","11":"first","12":"instock","13":"purchasable","14":"product-type-simple"},"_links":{"self":[{"href":"https:\/\/antiquariat-steinbach.com\/rarebooks\/wp-json\/wp\/v2\/product\/9039","targetHints":{"allow":["GET"]}}],"collection":[{"href":"https:\/\/antiquariat-steinbach.com\/rarebooks\/wp-json\/wp\/v2\/product"}],"about":[{"href":"https:\/\/antiquariat-steinbach.com\/rarebooks\/wp-json\/wp\/v2\/types\/product"}],"version-history":[{"count":3,"href":"https:\/\/antiquariat-steinbach.com\/rarebooks\/wp-json\/wp\/v2\/product\/9039\/revisions"}],"predecessor-version":[{"id":22411,"href":"https:\/\/antiquariat-steinbach.com\/rarebooks\/wp-json\/wp\/v2\/product\/9039\/revisions\/22411"}],"wp:featuredmedia":[{"embeddable":true,"href":"https:\/\/antiquariat-steinbach.com\/rarebooks\/wp-json\/wp\/v2\/media\/22861"}],"wp:attachment":[{"href":"https:\/\/antiquariat-steinbach.com\/rarebooks\/wp-json\/wp\/v2\/media?parent=9039"}],"wp:term":[{"taxonomy":"product_brand","embeddable":true,"href":"https:\/\/antiquariat-steinbach.com\/rarebooks\/wp-json\/wp\/v2\/product_brand?post=9039"},{"taxonomy":"product_cat","embeddable":true,"href":"https:\/\/antiquariat-steinbach.com\/rarebooks\/wp-json\/wp\/v2\/product_cat?post=9039"},{"taxonomy":"product_tag","embeddable":true,"href":"https:\/\/antiquariat-steinbach.com\/rarebooks\/wp-json\/wp\/v2\/product_tag?post=9039"}],"curies":[{"name":"wp","href":"https:\/\/api.w.org\/{rel}","templated":true}]}}