{"id":9025,"date":"2026-03-12T00:26:51","date_gmt":"2026-03-11T23:26:51","guid":{"rendered":"http:\/\/antiquariat-steinbach.com\/rarebooks\/produkt\/alte-kunstschaetze-aus-bayern\/"},"modified":"2026-03-12T00:26:52","modified_gmt":"2026-03-11T23:26:52","slug":"wilm-h-alte-kunstschaetze-aus-bayern","status":"publish","type":"product","link":"https:\/\/antiquariat-steinbach.com\/rarebooks\/produkt\/wilm-h-alte-kunstschaetze-aus-bayern\/","title":{"rendered":"Wilm, H. &#8211;  Alte Kunstsch\u00e4tze aus Bayern."},"content":{"rendered":"<p>Ulm, H\u00f6hn,  1934.<\/p>\n<p>30 : 22 cm. 88 Seiten it 59 Abbildungen. Original Karton<\/p>\n<p>15,00 EUR<\/p>\n","protected":false},"excerpt":{"rendered":"<p>Festschrift zum 70-j\u00e4hrigen Jubil\u00e4m des M\u00fcnchner Altertumsvereins. e.V. von 1864.<\/p>\n","protected":false},"featured_media":0,"template":"","meta":[],"product_brand":[],"product_cat":[73,590,69,914],"product_tag":[],"class_list":{"0":"post-9025","1":"product","2":"type-product","3":"status-publish","5":"product_cat-bayern","6":"product_cat-kunstdenkmaeler","7":"product_cat-kunstgeschichte","8":"product_cat-zvab","10":"first","11":"instock","12":"purchasable","13":"product-type-simple"},"_links":{"self":[{"href":"https:\/\/antiquariat-steinbach.com\/rarebooks\/wp-json\/wp\/v2\/product\/9025","targetHints":{"allow":["GET"]}}],"collection":[{"href":"https:\/\/antiquariat-steinbach.com\/rarebooks\/wp-json\/wp\/v2\/product"}],"about":[{"href":"https:\/\/antiquariat-steinbach.com\/rarebooks\/wp-json\/wp\/v2\/types\/product"}],"version-history":[{"count":3,"href":"https:\/\/antiquariat-steinbach.com\/rarebooks\/wp-json\/wp\/v2\/product\/9025\/revisions"}],"predecessor-version":[{"id":22398,"href":"https:\/\/antiquariat-steinbach.com\/rarebooks\/wp-json\/wp\/v2\/product\/9025\/revisions\/22398"}],"wp:attachment":[{"href":"https:\/\/antiquariat-steinbach.com\/rarebooks\/wp-json\/wp\/v2\/media?parent=9025"}],"wp:term":[{"taxonomy":"product_brand","embeddable":true,"href":"https:\/\/antiquariat-steinbach.com\/rarebooks\/wp-json\/wp\/v2\/product_brand?post=9025"},{"taxonomy":"product_cat","embeddable":true,"href":"https:\/\/antiquariat-steinbach.com\/rarebooks\/wp-json\/wp\/v2\/product_cat?post=9025"},{"taxonomy":"product_tag","embeddable":true,"href":"https:\/\/antiquariat-steinbach.com\/rarebooks\/wp-json\/wp\/v2\/product_tag?post=9025"}],"curies":[{"name":"wp","href":"https:\/\/api.w.org\/{rel}","templated":true}]}}