{"id":9013,"date":"2026-03-12T00:26:51","date_gmt":"2026-03-11T23:26:51","guid":{"rendered":"http:\/\/antiquariat-steinbach.com\/rarebooks\/produkt\/ueber-das-leben-und-seine-erscheinung-zur-naeheren-erlaeterung-der-schrift-ueber-den-zusammenhang-der-natur-mit-dem-uebersinnlichen-mainz-1843\/"},"modified":"2026-03-12T00:26:51","modified_gmt":"2026-03-11T23:26:51","slug":"willbrand-joh-bernhard-ueber-das-leben-und-seine-erscheinung-zur-naeheren-erlaeterung-der-schrift-ueber-den-zusammenhang-der-natur-mit-dem-uebersinnlichen-mainz-1843","status":"publish","type":"product","link":"https:\/\/antiquariat-steinbach.com\/rarebooks\/produkt\/willbrand-joh-bernhard-ueber-das-leben-und-seine-erscheinung-zur-naeheren-erlaeterung-der-schrift-ueber-den-zusammenhang-der-natur-mit-dem-uebersinnlichen-mainz-1843\/","title":{"rendered":"Willbrand, Joh. Bernhard. &#8211;  \u00dcber das Leben und seine Erscheinung zur n\u00e4heren Erl\u00e4terung der Schrift \u00dcber den Zusammenhang der Natur mit dem \u00dcbersinnlichen (Mainz 1843)."},"content":{"rendered":"<p>Mainz, Evler, 1844.<\/p>\n<p>2 Teile in einem Band. 17,5 : 11 cm. 55: 52 Seiten.<\/p>\n<p>150,00 EUR<\/p>\n","protected":false},"excerpt":{"rendered":"<p>Seltene erste und einzige Ausgabe. &#8211; &#8218;Wie ein gr\u00fcndliches Studium der Natur und ihrer Erscheinungen auf eine Fortdauer des Menschen von geistiger Seite, nach der Vollendung seines irdischen Lebens, als schlechthin nothwendig hinweiset&#8216;.<\/p>\n","protected":false},"featured_media":23510,"template":"","meta":[],"product_brand":[],"product_cat":[59,179,187,110,914],"product_tag":[],"class_list":{"0":"post-9013","1":"product","2":"type-product","3":"status-publish","4":"has-post-thumbnail","6":"product_cat-kulturgeschichte","7":"product_cat-medizin","8":"product_cat-philosophie","9":"product_cat-theologie","10":"product_cat-zvab","12":"first","13":"instock","14":"purchasable","15":"product-type-simple"},"_links":{"self":[{"href":"https:\/\/antiquariat-steinbach.com\/rarebooks\/wp-json\/wp\/v2\/product\/9013","targetHints":{"allow":["GET"]}}],"collection":[{"href":"https:\/\/antiquariat-steinbach.com\/rarebooks\/wp-json\/wp\/v2\/product"}],"about":[{"href":"https:\/\/antiquariat-steinbach.com\/rarebooks\/wp-json\/wp\/v2\/types\/product"}],"version-history":[{"count":3,"href":"https:\/\/antiquariat-steinbach.com\/rarebooks\/wp-json\/wp\/v2\/product\/9013\/revisions"}],"predecessor-version":[{"id":22392,"href":"https:\/\/antiquariat-steinbach.com\/rarebooks\/wp-json\/wp\/v2\/product\/9013\/revisions\/22392"}],"wp:featuredmedia":[{"embeddable":true,"href":"https:\/\/antiquariat-steinbach.com\/rarebooks\/wp-json\/wp\/v2\/media\/23510"}],"wp:attachment":[{"href":"https:\/\/antiquariat-steinbach.com\/rarebooks\/wp-json\/wp\/v2\/media?parent=9013"}],"wp:term":[{"taxonomy":"product_brand","embeddable":true,"href":"https:\/\/antiquariat-steinbach.com\/rarebooks\/wp-json\/wp\/v2\/product_brand?post=9013"},{"taxonomy":"product_cat","embeddable":true,"href":"https:\/\/antiquariat-steinbach.com\/rarebooks\/wp-json\/wp\/v2\/product_cat?post=9013"},{"taxonomy":"product_tag","embeddable":true,"href":"https:\/\/antiquariat-steinbach.com\/rarebooks\/wp-json\/wp\/v2\/product_tag?post=9013"}],"curies":[{"name":"wp","href":"https:\/\/api.w.org\/{rel}","templated":true}]}}