{"id":9011,"date":"2026-03-12T00:26:50","date_gmt":"2026-03-11T23:26:50","guid":{"rendered":"http:\/\/antiquariat-steinbach.com\/rarebooks\/produkt\/geschichte-der-kreuzzuege-nach-morgenlaendischen-und-abenlaendischen-berichten\/"},"modified":"2026-03-12T00:26:51","modified_gmt":"2026-03-11T23:26:51","slug":"wilken-friedrich-geschichte-der-kreuzzuege-nach-morgenlaendischen-und-abenlaendischen-berichten","status":"publish","type":"product","link":"https:\/\/antiquariat-steinbach.com\/rarebooks\/produkt\/wilken-friedrich-geschichte-der-kreuzzuege-nach-morgenlaendischen-und-abenlaendischen-berichten\/","title":{"rendered":"Wilken, Friedrich: &#8211;  Geschichte der Kreuzz\u00fcge nach morgenl\u00e4ndischen und abenl\u00e4ndischen Berichten."},"content":{"rendered":"<p>Leipzig, Crusius 1807 &#8211; 1832.<\/p>\n<p>7 Teile in 7 B\u00e4nden (ohne Bd. 7\/2) 21 : 13 cm. Pappb\u00e4nde der Zeit mit neuem R\u00fcckenschild.<\/p>\n<p>1400,00 EUR<\/p>\n","protected":false},"excerpt":{"rendered":"<p>Exemplar aus dem Besitz von Ludwig Uhland, mit dessen eigenh\u00e4ndigen Namenszug in den ersten 7 B\u00e4nden. In Band 1 auf dem vorderen Innendeckel &#8218;Dr. Uhland&#8216; in den anderen B\u00e4nden auf dem fliegenden Vorsatz L.Uhland, in brauner Tinte. Eine der wichtigsten und umfassensten Darstellungen der Geschichte der Kreuzz\u00fcge. Der Verfasser nutzte erstmals auch die islamischen Quellen. Vorliegend das Hauptwerk Wilkens (1777-1840), der erst als Historiker an der Universit\u00e4t Heidelberg und zugleich als Direktor der Universit\u00e4tsbibliothek, danach als Professor der Universit\u00e4t in Berlin wirkte, war ordentliches Mitglied der Akademie der Wissenschaften zu Berlin. Neben diesem Werk ver\u00f6ffentlichte er auch die erste deutschsprachige Grammatik und Chrestomatie des Persischen. &#8211; Titelbl\u00e4tter mit drei kleinen Stempeln, Band 1 am R\u00fccken mit kleiner Fehlstelle, ohne den letzten Teil Band 7\/2.- Goed. VI\/332,32,5; ADB XLII, 237; Graesse VII, 451.<\/p>\n","protected":false},"featured_media":0,"template":"","meta":[],"product_brand":[],"product_cat":[902,97,643,59,914],"product_tag":[],"class_list":{"0":"post-9011","1":"product","2":"type-product","3":"status-publish","5":"product_cat-aus-dem-besitz-von-ludwig-uhland","6":"product_cat-geschichte","7":"product_cat-islam","8":"product_cat-kulturgeschichte","9":"product_cat-zvab","11":"first","12":"instock","13":"purchasable","14":"product-type-simple"},"_links":{"self":[{"href":"https:\/\/antiquariat-steinbach.com\/rarebooks\/wp-json\/wp\/v2\/product\/9011","targetHints":{"allow":["GET"]}}],"collection":[{"href":"https:\/\/antiquariat-steinbach.com\/rarebooks\/wp-json\/wp\/v2\/product"}],"about":[{"href":"https:\/\/antiquariat-steinbach.com\/rarebooks\/wp-json\/wp\/v2\/types\/product"}],"version-history":[{"count":3,"href":"https:\/\/antiquariat-steinbach.com\/rarebooks\/wp-json\/wp\/v2\/product\/9011\/revisions"}],"predecessor-version":[{"id":22391,"href":"https:\/\/antiquariat-steinbach.com\/rarebooks\/wp-json\/wp\/v2\/product\/9011\/revisions\/22391"}],"wp:attachment":[{"href":"https:\/\/antiquariat-steinbach.com\/rarebooks\/wp-json\/wp\/v2\/media?parent=9011"}],"wp:term":[{"taxonomy":"product_brand","embeddable":true,"href":"https:\/\/antiquariat-steinbach.com\/rarebooks\/wp-json\/wp\/v2\/product_brand?post=9011"},{"taxonomy":"product_cat","embeddable":true,"href":"https:\/\/antiquariat-steinbach.com\/rarebooks\/wp-json\/wp\/v2\/product_cat?post=9011"},{"taxonomy":"product_tag","embeddable":true,"href":"https:\/\/antiquariat-steinbach.com\/rarebooks\/wp-json\/wp\/v2\/product_tag?post=9011"}],"curies":[{"name":"wp","href":"https:\/\/api.w.org\/{rel}","templated":true}]}}