{"id":9007,"date":"2026-03-12T00:26:50","date_gmt":"2026-03-11T23:26:50","guid":{"rendered":"http:\/\/antiquariat-steinbach.com\/rarebooks\/produkt\/marie-de-france-liebesmaerchen\/"},"modified":"2026-03-12T00:26:51","modified_gmt":"2026-03-11T23:26:51","slug":"wilke-hertz-wilhelm-marie-de-france-liebesmaerchen","status":"publish","type":"product","link":"https:\/\/antiquariat-steinbach.com\/rarebooks\/produkt\/wilke-hertz-wilhelm-marie-de-france-liebesmaerchen\/","title":{"rendered":"Wilke &#8211;   Hertz, Wilhelm. &#8211;  Marie de France. Liebesm\u00e4rchen."},"content":{"rendered":"<p>Z\u00fcrich, Wien, Leipzig,  Amal\u00f6thea, 1921.<\/p>\n<p>15,5 : 10,5 cm. 96 Seiten, 5 farbige Tafeln von R.A. Wilke. Illustrierter Original Pappband.<\/p>\n<p>20,00 EUR<\/p>\n","protected":false},"excerpt":{"rendered":"<p>Kleine Amalthea-B\u00fccherei, 1. Reihe, Band 2.<\/p>\n","protected":false},"featured_media":0,"template":"","meta":[],"product_brand":[],"product_cat":[29,43,137,914],"product_tag":[],"class_list":{"0":"post-9007","1":"product","2":"type-product","3":"status-publish","5":"product_cat-20-jahrhundert","6":"product_cat-illustrierte-buecher","7":"product_cat-maerchen","8":"product_cat-zvab","10":"first","11":"instock","12":"purchasable","13":"product-type-simple"},"_links":{"self":[{"href":"https:\/\/antiquariat-steinbach.com\/rarebooks\/wp-json\/wp\/v2\/product\/9007","targetHints":{"allow":["GET"]}}],"collection":[{"href":"https:\/\/antiquariat-steinbach.com\/rarebooks\/wp-json\/wp\/v2\/product"}],"about":[{"href":"https:\/\/antiquariat-steinbach.com\/rarebooks\/wp-json\/wp\/v2\/types\/product"}],"version-history":[{"count":3,"href":"https:\/\/antiquariat-steinbach.com\/rarebooks\/wp-json\/wp\/v2\/product\/9007\/revisions"}],"predecessor-version":[{"id":22389,"href":"https:\/\/antiquariat-steinbach.com\/rarebooks\/wp-json\/wp\/v2\/product\/9007\/revisions\/22389"}],"wp:attachment":[{"href":"https:\/\/antiquariat-steinbach.com\/rarebooks\/wp-json\/wp\/v2\/media?parent=9007"}],"wp:term":[{"taxonomy":"product_brand","embeddable":true,"href":"https:\/\/antiquariat-steinbach.com\/rarebooks\/wp-json\/wp\/v2\/product_brand?post=9007"},{"taxonomy":"product_cat","embeddable":true,"href":"https:\/\/antiquariat-steinbach.com\/rarebooks\/wp-json\/wp\/v2\/product_cat?post=9007"},{"taxonomy":"product_tag","embeddable":true,"href":"https:\/\/antiquariat-steinbach.com\/rarebooks\/wp-json\/wp\/v2\/product_tag?post=9007"}],"curies":[{"name":"wp","href":"https:\/\/api.w.org\/{rel}","templated":true}]}}