{"id":9003,"date":"2026-03-12T00:26:50","date_gmt":"2026-03-11T23:26:50","guid":{"rendered":"http:\/\/antiquariat-steinbach.com\/rarebooks\/produkt\/die-musterhafte-oekonomie-wirthschafterin-oder-vollstaendiger-unterrich-ueber-den-ganzen-umfang-des-weiblichen-wirkungskreises-auf-dem-lande\/"},"modified":"2026-03-12T00:26:50","modified_gmt":"2026-03-11T23:26:50","slug":"wilhelmi-luise-die-musterhafte-oekonomie-wirthschafterin-oder-vollstaendiger-unterrich-ueber-den-ganzen-umfang-des-weiblichen-wirkungskreises-auf-dem-lande","status":"publish","type":"product","link":"https:\/\/antiquariat-steinbach.com\/rarebooks\/produkt\/wilhelmi-luise-die-musterhafte-oekonomie-wirthschafterin-oder-vollstaendiger-unterrich-ueber-den-ganzen-umfang-des-weiblichen-wirkungskreises-auf-dem-lande\/","title":{"rendered":"Wilhelmi, Luise: &#8211;  Die musterhafte Oekonomie-Wirthschafterin oder vollst\u00e4ndiger Unterrich \u00fcber den ganzen Umfang des weiblichen Wirkungskreises auf dem Lande."},"content":{"rendered":"<p>Stra\u00dfburg, Schultz 1882.<\/p>\n<p>22 : 15 cm. XXV, 667 Seiten mit vielen, teils ganzseitigen Textholzschnitten. Leinenband der Zeit mit R\u00fcckenvergoldung und Deckelblindpr\u00e4gung.<\/p>\n<p>80,00 EUR<\/p>\n","protected":false},"excerpt":{"rendered":"<p>Enth\u00e4lt neben bew\u00e4hrten Hausmitteln, auch Anleitung \u00fcber die Zubereitung von Lebensmittel u.a. &#8211; Titel verso und einige Seiten mit kleinem Stempel; Kanten minimal berieben. &#8211; Vgl. Weiss 4206.<\/p>\n","protected":false},"featured_media":0,"template":"","meta":[],"product_brand":[],"product_cat":[58,112,914],"product_tag":[],"class_list":{"0":"post-9003","1":"product","2":"type-product","3":"status-publish","5":"product_cat-gastronomie","6":"product_cat-kochbuecher","7":"product_cat-zvab","9":"first","10":"instock","11":"purchasable","12":"product-type-simple"},"_links":{"self":[{"href":"https:\/\/antiquariat-steinbach.com\/rarebooks\/wp-json\/wp\/v2\/product\/9003","targetHints":{"allow":["GET"]}}],"collection":[{"href":"https:\/\/antiquariat-steinbach.com\/rarebooks\/wp-json\/wp\/v2\/product"}],"about":[{"href":"https:\/\/antiquariat-steinbach.com\/rarebooks\/wp-json\/wp\/v2\/types\/product"}],"version-history":[{"count":3,"href":"https:\/\/antiquariat-steinbach.com\/rarebooks\/wp-json\/wp\/v2\/product\/9003\/revisions"}],"predecessor-version":[{"id":22387,"href":"https:\/\/antiquariat-steinbach.com\/rarebooks\/wp-json\/wp\/v2\/product\/9003\/revisions\/22387"}],"wp:attachment":[{"href":"https:\/\/antiquariat-steinbach.com\/rarebooks\/wp-json\/wp\/v2\/media?parent=9003"}],"wp:term":[{"taxonomy":"product_brand","embeddable":true,"href":"https:\/\/antiquariat-steinbach.com\/rarebooks\/wp-json\/wp\/v2\/product_brand?post=9003"},{"taxonomy":"product_cat","embeddable":true,"href":"https:\/\/antiquariat-steinbach.com\/rarebooks\/wp-json\/wp\/v2\/product_cat?post=9003"},{"taxonomy":"product_tag","embeddable":true,"href":"https:\/\/antiquariat-steinbach.com\/rarebooks\/wp-json\/wp\/v2\/product_tag?post=9003"}],"curies":[{"name":"wp","href":"https:\/\/api.w.org\/{rel}","templated":true}]}}