{"id":8961,"date":"2026-03-12T00:26:45","date_gmt":"2026-03-11T23:26:45","guid":{"rendered":"http:\/\/antiquariat-steinbach.com\/rarebooks\/produkt\/wiener-werkstaette-1903-1932-2\/"},"modified":"2026-03-12T00:26:46","modified_gmt":"2026-03-11T23:26:46","slug":"wiener-werkstaette-fahr-becker-gabriele-wiener-werkstaette-1903-1932-2","status":"publish","type":"product","link":"https:\/\/antiquariat-steinbach.com\/rarebooks\/produkt\/wiener-werkstaette-fahr-becker-gabriele-wiener-werkstaette-1903-1932-2\/","title":{"rendered":"Wiener Werkst\u00e4tte &#8211;   Fahr-Becker, Gabriele. &#8211;  Wiener Werkst\u00e4tte 1903 &#8211; 1932."},"content":{"rendered":"<p>K\u00f6ln etc., Taschen, 2008.<\/p>\n<p>31 : 23,5 cm. 240 pages with many, mostly coloured plates and illustrations. Original boards with original dust jacket.<\/p>\n<p>52,00 EUR<\/p>\n","protected":false},"excerpt":{"rendered":"<p>The Wiener Werkst\u00e4tte combined fine and applied art to convey a whole new outlook on life (Gesamtkunstwerk), liberated from the stractures of historicism and superfluous onrnamentation. The artists experimented with an endless variety of material, from gold and presiouc stones to paper mache and glass beads. The book explores the Wiener Werkst\u00e4tte, following the 30-years fortunes of this crafts studio.<\/p>\n","protected":false},"featured_media":0,"template":"","meta":[],"product_brand":[],"product_cat":[29,71,93,54,257,914],"product_tag":[],"class_list":{"0":"post-8961","1":"product","2":"type-product","3":"status-publish","5":"product_cat-20-jahrhundert","6":"product_cat-austriaca","7":"product_cat-design","8":"product_cat-eyewear","9":"product_cat-wiener-werkstaette","10":"product_cat-zvab","12":"first","13":"instock","14":"purchasable","15":"product-type-simple"},"_links":{"self":[{"href":"https:\/\/antiquariat-steinbach.com\/rarebooks\/wp-json\/wp\/v2\/product\/8961","targetHints":{"allow":["GET"]}}],"collection":[{"href":"https:\/\/antiquariat-steinbach.com\/rarebooks\/wp-json\/wp\/v2\/product"}],"about":[{"href":"https:\/\/antiquariat-steinbach.com\/rarebooks\/wp-json\/wp\/v2\/types\/product"}],"version-history":[{"count":3,"href":"https:\/\/antiquariat-steinbach.com\/rarebooks\/wp-json\/wp\/v2\/product\/8961\/revisions"}],"predecessor-version":[{"id":22361,"href":"https:\/\/antiquariat-steinbach.com\/rarebooks\/wp-json\/wp\/v2\/product\/8961\/revisions\/22361"}],"wp:attachment":[{"href":"https:\/\/antiquariat-steinbach.com\/rarebooks\/wp-json\/wp\/v2\/media?parent=8961"}],"wp:term":[{"taxonomy":"product_brand","embeddable":true,"href":"https:\/\/antiquariat-steinbach.com\/rarebooks\/wp-json\/wp\/v2\/product_brand?post=8961"},{"taxonomy":"product_cat","embeddable":true,"href":"https:\/\/antiquariat-steinbach.com\/rarebooks\/wp-json\/wp\/v2\/product_cat?post=8961"},{"taxonomy":"product_tag","embeddable":true,"href":"https:\/\/antiquariat-steinbach.com\/rarebooks\/wp-json\/wp\/v2\/product_tag?post=8961"}],"curies":[{"name":"wp","href":"https:\/\/api.w.org\/{rel}","templated":true}]}}