{"id":8959,"date":"2026-03-12T00:26:45","date_gmt":"2026-03-11T23:26:45","guid":{"rendered":"http:\/\/antiquariat-steinbach.com\/rarebooks\/produkt\/wiener-werkstaette-1903-1932\/"},"modified":"2026-03-12T00:26:46","modified_gmt":"2026-03-11T23:26:46","slug":"wiener-werkstaette-fahr-becker-gabriele-wiener-werkstaette-1903-1932","status":"publish","type":"product","link":"https:\/\/antiquariat-steinbach.com\/rarebooks\/produkt\/wiener-werkstaette-fahr-becker-gabriele-wiener-werkstaette-1903-1932\/","title":{"rendered":"Wiener Werkst\u00e4tte &#8211;   Fahr-Becker, Gabriele. &#8211;  Wiener Werkst\u00e4tte 1903 &#8211; 1932."},"content":{"rendered":"<p>K\u00f6ln. Taschen, 1996<\/p>\n<p>31,5 : 24,5 cm. 244 pages with many, mostly coloured plates and illustrations. Original boards.<\/p>\n<p>60,00 EUR<\/p>\n","protected":false},"excerpt":{"rendered":"<p>The first edition of this important ouevre on the Wiener Werkst\u00e4tte. The Wiener Werkst\u00e4tte combined fine and applied art to convey a whole new outlook on life (Gesamtkunstwerk), liberated from the stractures of historicism and superfluous onrnamentation. The artists experimented with an endless variety of material, from gold and presiouc stones to paper mache and glass beads. The book explores the Wiener Werkst\u00e4tte, following the 30-years fortunes of this crafts studio.<\/p>\n","protected":false},"featured_media":23496,"template":"","meta":[],"product_brand":[],"product_cat":[29,71,93,54,257,914],"product_tag":[],"class_list":{"0":"post-8959","1":"product","2":"type-product","3":"status-publish","4":"has-post-thumbnail","6":"product_cat-20-jahrhundert","7":"product_cat-austriaca","8":"product_cat-design","9":"product_cat-eyewear","10":"product_cat-wiener-werkstaette","11":"product_cat-zvab","13":"first","14":"instock","15":"purchasable","16":"product-type-simple"},"_links":{"self":[{"href":"https:\/\/antiquariat-steinbach.com\/rarebooks\/wp-json\/wp\/v2\/product\/8959","targetHints":{"allow":["GET"]}}],"collection":[{"href":"https:\/\/antiquariat-steinbach.com\/rarebooks\/wp-json\/wp\/v2\/product"}],"about":[{"href":"https:\/\/antiquariat-steinbach.com\/rarebooks\/wp-json\/wp\/v2\/types\/product"}],"version-history":[{"count":3,"href":"https:\/\/antiquariat-steinbach.com\/rarebooks\/wp-json\/wp\/v2\/product\/8959\/revisions"}],"predecessor-version":[{"id":22360,"href":"https:\/\/antiquariat-steinbach.com\/rarebooks\/wp-json\/wp\/v2\/product\/8959\/revisions\/22360"}],"wp:featuredmedia":[{"embeddable":true,"href":"https:\/\/antiquariat-steinbach.com\/rarebooks\/wp-json\/wp\/v2\/media\/23496"}],"wp:attachment":[{"href":"https:\/\/antiquariat-steinbach.com\/rarebooks\/wp-json\/wp\/v2\/media?parent=8959"}],"wp:term":[{"taxonomy":"product_brand","embeddable":true,"href":"https:\/\/antiquariat-steinbach.com\/rarebooks\/wp-json\/wp\/v2\/product_brand?post=8959"},{"taxonomy":"product_cat","embeddable":true,"href":"https:\/\/antiquariat-steinbach.com\/rarebooks\/wp-json\/wp\/v2\/product_cat?post=8959"},{"taxonomy":"product_tag","embeddable":true,"href":"https:\/\/antiquariat-steinbach.com\/rarebooks\/wp-json\/wp\/v2\/product_tag?post=8959"}],"curies":[{"name":"wp","href":"https:\/\/api.w.org\/{rel}","templated":true}]}}