{"id":8947,"date":"2026-03-12T00:26:43","date_gmt":"2026-03-11T23:26:43","guid":{"rendered":"http:\/\/antiquariat-steinbach.com\/rarebooks\/produkt\/wiener-kueche-illustrierte-monatsschrift-ueber-kueche-und-kochen\/"},"modified":"2026-03-12T00:26:45","modified_gmt":"2026-03-11T23:26:45","slug":"wiener-kueche-ruhm-franz-herausgeber-wiener-kueche-illustrierte-monatsschrift-ueber-kueche-und-kochen","status":"publish","type":"product","link":"https:\/\/antiquariat-steinbach.com\/rarebooks\/produkt\/wiener-kueche-ruhm-franz-herausgeber-wiener-kueche-illustrierte-monatsschrift-ueber-kueche-und-kochen\/","title":{"rendered":"Wiener K\u00fcche &#8211;   Ruhm, Franz (Herausgeber). &#8211;  Wiener K\u00fcche. Illustrierte Monatsschrift \u00fcber K\u00fcche und Kochen."},"content":{"rendered":"<p>Wien, 1934 &#8211; 1944.<\/p>\n<p>103 (davon 10 Doppelhefte) des 4. &#8211; 14. Jahrgangs. 31 : 24 cm. Je Heftr 24 Seiten mit jeweils vielen Abbindungen. Original-Umschl\u00e4ge<\/p>\n<p>750,00 EUR<\/p>\n","protected":false},"excerpt":{"rendered":"<p>Umfangreiche Reihe dieser so komplett selten vorkommenden Zeitschrift der Wiener K\u00fcche. Je Jahrgang erschienen 12 Hefte, hier die Jahrg\u00e4nge 4 bis 14 vorliegend, die meisten Jahrg\u00e4nge komplett, einige Dubletten.<\/p>\n","protected":false},"featured_media":23494,"template":"","meta":[],"product_brand":[],"product_cat":[112,914],"product_tag":[],"class_list":{"0":"post-8947","1":"product","2":"type-product","3":"status-publish","4":"has-post-thumbnail","6":"product_cat-kochbuecher","7":"product_cat-zvab","9":"first","10":"instock","11":"purchasable","12":"product-type-simple"},"_links":{"self":[{"href":"https:\/\/antiquariat-steinbach.com\/rarebooks\/wp-json\/wp\/v2\/product\/8947","targetHints":{"allow":["GET"]}}],"collection":[{"href":"https:\/\/antiquariat-steinbach.com\/rarebooks\/wp-json\/wp\/v2\/product"}],"about":[{"href":"https:\/\/antiquariat-steinbach.com\/rarebooks\/wp-json\/wp\/v2\/types\/product"}],"version-history":[{"count":3,"href":"https:\/\/antiquariat-steinbach.com\/rarebooks\/wp-json\/wp\/v2\/product\/8947\/revisions"}],"predecessor-version":[{"id":22356,"href":"https:\/\/antiquariat-steinbach.com\/rarebooks\/wp-json\/wp\/v2\/product\/8947\/revisions\/22356"}],"wp:featuredmedia":[{"embeddable":true,"href":"https:\/\/antiquariat-steinbach.com\/rarebooks\/wp-json\/wp\/v2\/media\/23494"}],"wp:attachment":[{"href":"https:\/\/antiquariat-steinbach.com\/rarebooks\/wp-json\/wp\/v2\/media?parent=8947"}],"wp:term":[{"taxonomy":"product_brand","embeddable":true,"href":"https:\/\/antiquariat-steinbach.com\/rarebooks\/wp-json\/wp\/v2\/product_brand?post=8947"},{"taxonomy":"product_cat","embeddable":true,"href":"https:\/\/antiquariat-steinbach.com\/rarebooks\/wp-json\/wp\/v2\/product_cat?post=8947"},{"taxonomy":"product_tag","embeddable":true,"href":"https:\/\/antiquariat-steinbach.com\/rarebooks\/wp-json\/wp\/v2\/product_tag?post=8947"}],"curies":[{"name":"wp","href":"https:\/\/api.w.org\/{rel}","templated":true}]}}