{"id":8937,"date":"2026-03-12T00:26:43","date_gmt":"2026-03-11T23:26:43","guid":{"rendered":"http:\/\/antiquariat-steinbach.com\/rarebooks\/produkt\/denkschrift-zum-2-2\/"},"modified":"2026-03-12T00:26:44","modified_gmt":"2026-03-11T23:26:44","slug":"wien-1848-1888-denkschrift-zum-2","status":"publish","type":"product","link":"https:\/\/antiquariat-steinbach.com\/rarebooks\/produkt\/wien-1848-1888-denkschrift-zum-2\/","title":{"rendered":"Wien 1848 &#8211; 1888: &#8211;  Denkschrift zum 2."},"content":{"rendered":"<p>Wien, Konegen 1888.<\/p>\n<p>2 Teile in 1 Band. 26,5 : 18 cm. XV, 581 Seiten, 1 Blatt; Titel, 552 Seiten, 1 Blatt mit einigen Holzschnitt-Illustrationen. Halblederband der Zeit mit etwas R\u00fcckenvergoldung.<\/p>\n<p>45,00 EUR<\/p>\n","protected":false},"excerpt":{"rendered":"<p>Erste Ausgabe. &#8211; Mit Beitr\u00e4gen von H. v. Zeissberg, K. Weiss. C. Glossy, E. Hannak, R. Hamerling, C.v. L\u00fctzow u.a. Kulturgescichtlicher \u00dcberblick \u00fcber Wien in der 2. H\u00e4lfte des 19. Jahrhunderts.- Exlibris. &#8211; Gugitz 8502; Mayer 478.<\/p>\n","protected":false},"featured_media":23492,"template":"","meta":[],"product_brand":[],"product_cat":[71,97,914],"product_tag":[],"class_list":{"0":"post-8937","1":"product","2":"type-product","3":"status-publish","4":"has-post-thumbnail","6":"product_cat-austriaca","7":"product_cat-geschichte","8":"product_cat-zvab","10":"first","11":"instock","12":"purchasable","13":"product-type-simple"},"_links":{"self":[{"href":"https:\/\/antiquariat-steinbach.com\/rarebooks\/wp-json\/wp\/v2\/product\/8937","targetHints":{"allow":["GET"]}}],"collection":[{"href":"https:\/\/antiquariat-steinbach.com\/rarebooks\/wp-json\/wp\/v2\/product"}],"about":[{"href":"https:\/\/antiquariat-steinbach.com\/rarebooks\/wp-json\/wp\/v2\/types\/product"}],"version-history":[{"count":5,"href":"https:\/\/antiquariat-steinbach.com\/rarebooks\/wp-json\/wp\/v2\/product\/8937\/revisions"}],"predecessor-version":[{"id":26441,"href":"https:\/\/antiquariat-steinbach.com\/rarebooks\/wp-json\/wp\/v2\/product\/8937\/revisions\/26441"}],"wp:featuredmedia":[{"embeddable":true,"href":"https:\/\/antiquariat-steinbach.com\/rarebooks\/wp-json\/wp\/v2\/media\/23492"}],"wp:attachment":[{"href":"https:\/\/antiquariat-steinbach.com\/rarebooks\/wp-json\/wp\/v2\/media?parent=8937"}],"wp:term":[{"taxonomy":"product_brand","embeddable":true,"href":"https:\/\/antiquariat-steinbach.com\/rarebooks\/wp-json\/wp\/v2\/product_brand?post=8937"},{"taxonomy":"product_cat","embeddable":true,"href":"https:\/\/antiquariat-steinbach.com\/rarebooks\/wp-json\/wp\/v2\/product_cat?post=8937"},{"taxonomy":"product_tag","embeddable":true,"href":"https:\/\/antiquariat-steinbach.com\/rarebooks\/wp-json\/wp\/v2\/product_tag?post=8937"}],"curies":[{"name":"wp","href":"https:\/\/api.w.org\/{rel}","templated":true}]}}