{"id":8913,"date":"2026-03-12T00:26:41","date_gmt":"2026-03-11T23:26:41","guid":{"rendered":"http:\/\/antiquariat-steinbach.com\/rarebooks\/produkt\/wien-seine-geschichte-und-seine-denkwuerdigkeiten\/"},"modified":"2026-03-12T00:26:42","modified_gmt":"2026-03-11T23:26:42","slug":"wien-hormayr-joseph-freyherrn-von-wien-seine-geschichte-und-seine-denkwuerdigkeiten","status":"publish","type":"product","link":"https:\/\/antiquariat-steinbach.com\/rarebooks\/produkt\/wien-hormayr-joseph-freyherrn-von-wien-seine-geschichte-und-seine-denkwuerdigkeiten\/","title":{"rendered":"Wien &#8211;   Hormayr, Joseph Freyherrn von. &#8211;  Wien, seine Geschichte und seine Denkw\u00fcrdigkeiten."},"content":{"rendered":"<p>Wien, H\u00e4rtersche Buchhandlung, 1823 &#8211; 1825.<\/p>\n<p>2 Jahrg\u00e4nge in 9 B\u00e4nden. 20 : 12 cm. Ca. 4400 Seiten, 9 Kupfertitel mit Vignette (meist Ansichten), 49 (statt 52) meist mehrfach gefaltete, gestochene bzw. lithographierte Tafeln und 13 mehrfach gefaltete Tabellen. Pappb\u00e4nde der Zeit mit 2 farbigen R\u00fcckenschildern.<\/p>\n<p>500,00 EUR<\/p>\n","protected":false},"excerpt":{"rendered":"<p>Erste Ausgabe. &#8211; &#8222;Das Werk erschien urspr\u00fcnglich in 2 Jahrg\u00e4ngen mit 27 Einzelheften und wurde erst sp\u00e4ter zu 9 B\u00e4nden zusammengafasst (&#8230;). Die Kollation dieses f\u00fcr die Geschichte Wiens bedeutenden Werkes ist meist au\u00dferordentlich schwierig, da die Anzahl der Kupferstiche und Lithographien schwankt. Als vollst\u00e4ndig k\u00f6nnen Exemplare angesehen werden , die 66-68 Tafeln und Tabellen (&#8230;) aufweisen. Die Tafel 50 (Das Burgtor von Nobile) und 60 (Cortisches Kaffeehaus im Volksgarten) sind allem Anschein nach nur einem Teil der ausgegebenen Exemplare beigebunden worden. Aber auch mit 66 Beigaben ist das Werk selten! (Nebehay\/Wagner I, S. 376 f.). &#8211; Es fehlen die folgenden Tafeln: 29 Ernst R\u00fcdiger von Starhemberg; 36 Ausweis der vom 1. November 1815 bis Ende October 1816 in die Stadt Wien zur Verzehrung gebrachte Artikel; 59 Das Burgtor von Nobile; 60 Grund- und Aufri\u00df des Cortischen Kaffeehauses im Volksgarten. &#8211; Vereinzelt st\u00e4rker stockfleckig bzw. gebr\u00e4unt, meist die Kupfer; Einb\u00e4nde berieben und bestossen. &#8211; Gugitz I, 32; Slg. Eckl IV, 155; Slg. Mayer 192; Engelmann 1030.<\/p>\n","protected":false},"featured_media":23248,"template":"","meta":[],"product_brand":[],"product_cat":[97,59,90,914],"product_tag":[],"class_list":{"0":"post-8913","1":"product","2":"type-product","3":"status-publish","4":"has-post-thumbnail","6":"product_cat-geschichte","7":"product_cat-kulturgeschichte","8":"product_cat-viennensia","9":"product_cat-zvab","11":"first","12":"instock","13":"purchasable","14":"product-type-simple"},"_links":{"self":[{"href":"https:\/\/antiquariat-steinbach.com\/rarebooks\/wp-json\/wp\/v2\/product\/8913","targetHints":{"allow":["GET"]}}],"collection":[{"href":"https:\/\/antiquariat-steinbach.com\/rarebooks\/wp-json\/wp\/v2\/product"}],"about":[{"href":"https:\/\/antiquariat-steinbach.com\/rarebooks\/wp-json\/wp\/v2\/types\/product"}],"version-history":[{"count":3,"href":"https:\/\/antiquariat-steinbach.com\/rarebooks\/wp-json\/wp\/v2\/product\/8913\/revisions"}],"predecessor-version":[{"id":22335,"href":"https:\/\/antiquariat-steinbach.com\/rarebooks\/wp-json\/wp\/v2\/product\/8913\/revisions\/22335"}],"wp:featuredmedia":[{"embeddable":true,"href":"https:\/\/antiquariat-steinbach.com\/rarebooks\/wp-json\/wp\/v2\/media\/23248"}],"wp:attachment":[{"href":"https:\/\/antiquariat-steinbach.com\/rarebooks\/wp-json\/wp\/v2\/media?parent=8913"}],"wp:term":[{"taxonomy":"product_brand","embeddable":true,"href":"https:\/\/antiquariat-steinbach.com\/rarebooks\/wp-json\/wp\/v2\/product_brand?post=8913"},{"taxonomy":"product_cat","embeddable":true,"href":"https:\/\/antiquariat-steinbach.com\/rarebooks\/wp-json\/wp\/v2\/product_cat?post=8913"},{"taxonomy":"product_tag","embeddable":true,"href":"https:\/\/antiquariat-steinbach.com\/rarebooks\/wp-json\/wp\/v2\/product_tag?post=8913"}],"curies":[{"name":"wp","href":"https:\/\/api.w.org\/{rel}","templated":true}]}}