{"id":8901,"date":"2026-03-12T00:26:41","date_gmt":"2026-03-11T23:26:41","guid":{"rendered":"http:\/\/antiquariat-steinbach.com\/rarebooks\/produkt\/probeband-mit-7-heften\/"},"modified":"2026-03-12T00:26:42","modified_gmt":"2026-03-11T23:26:42","slug":"wieland-probeband-mit-7-heften","status":"publish","type":"product","link":"https:\/\/antiquariat-steinbach.com\/rarebooks\/produkt\/wieland-probeband-mit-7-heften\/","title":{"rendered":"Wieland: &#8211;  Probeband mit 7 Heften."},"content":{"rendered":"<p>O.O, 1915.<\/p>\n<p>7 Hefte in 1 Band. 34 : 28 cm. Je 12 Seiten mit vielen, meist farbigen und ganzseitigen Illustrationen. Broschur.<\/p>\n<p>130,00 EUR<\/p>\n","protected":false},"excerpt":{"rendered":"<p>Vorhanden sind folgende Hefte des Jahres 1915: 17, 19, 20, 33, 36, 39 und 40. Mit Illustrationen von Emil Orlik, Ludwig Kainer, Erich B\u00fcttner, W. R\u00f6\u00dfner, Hans Baluschek u.a.<\/p>\n","protected":false},"featured_media":23481,"template":"","meta":[],"product_brand":[],"product_cat":[29,43,32,52,914],"product_tag":[],"class_list":{"0":"post-8901","1":"product","2":"type-product","3":"status-publish","4":"has-post-thumbnail","6":"product_cat-20-jahrhundert","7":"product_cat-illustrierte-buecher","8":"product_cat-literatur","9":"product_cat-zeitschriften","10":"product_cat-zvab","12":"first","13":"instock","14":"purchasable","15":"product-type-simple"},"_links":{"self":[{"href":"https:\/\/antiquariat-steinbach.com\/rarebooks\/wp-json\/wp\/v2\/product\/8901","targetHints":{"allow":["GET"]}}],"collection":[{"href":"https:\/\/antiquariat-steinbach.com\/rarebooks\/wp-json\/wp\/v2\/product"}],"about":[{"href":"https:\/\/antiquariat-steinbach.com\/rarebooks\/wp-json\/wp\/v2\/types\/product"}],"version-history":[{"count":3,"href":"https:\/\/antiquariat-steinbach.com\/rarebooks\/wp-json\/wp\/v2\/product\/8901\/revisions"}],"predecessor-version":[{"id":22330,"href":"https:\/\/antiquariat-steinbach.com\/rarebooks\/wp-json\/wp\/v2\/product\/8901\/revisions\/22330"}],"wp:featuredmedia":[{"embeddable":true,"href":"https:\/\/antiquariat-steinbach.com\/rarebooks\/wp-json\/wp\/v2\/media\/23481"}],"wp:attachment":[{"href":"https:\/\/antiquariat-steinbach.com\/rarebooks\/wp-json\/wp\/v2\/media?parent=8901"}],"wp:term":[{"taxonomy":"product_brand","embeddable":true,"href":"https:\/\/antiquariat-steinbach.com\/rarebooks\/wp-json\/wp\/v2\/product_brand?post=8901"},{"taxonomy":"product_cat","embeddable":true,"href":"https:\/\/antiquariat-steinbach.com\/rarebooks\/wp-json\/wp\/v2\/product_cat?post=8901"},{"taxonomy":"product_tag","embeddable":true,"href":"https:\/\/antiquariat-steinbach.com\/rarebooks\/wp-json\/wp\/v2\/product_tag?post=8901"}],"curies":[{"name":"wp","href":"https:\/\/api.w.org\/{rel}","templated":true}]}}