{"id":8879,"date":"2026-03-12T00:26:39","date_gmt":"2026-03-11T23:26:39","guid":{"rendered":"http:\/\/antiquariat-steinbach.com\/rarebooks\/produkt\/beginn-einer-verzweiflung-epiloge\/"},"modified":"2026-03-12T00:26:40","modified_gmt":"2026-03-11T23:26:40","slug":"widmungsexemplar-jonke-g-f-beginn-einer-verzweiflung-epiloge","status":"publish","type":"product","link":"https:\/\/antiquariat-steinbach.com\/rarebooks\/produkt\/widmungsexemplar-jonke-g-f-beginn-einer-verzweiflung-epiloge\/","title":{"rendered":"Widmungsexemplar-   Jonke, G.F. &#8211;  Beginn einer Verzweiflung. Epiloge."},"content":{"rendered":"<p>Salzburg, Residenz, 1970.<\/p>\n<p>19 : 11,5 cm. 104 Seiten.  Original Leinenband.<\/p>\n<p>35,00 EUR<\/p>\n","protected":false},"excerpt":{"rendered":"<p>Erste Ausgabe. &#8211; Auf dem Titel mehrzeilige Widmung des Verfassers: &#8218;Ich bin so langsam gefahren, da\u00df ich die Geschwindigkeitsbeschr\u00e4nkung \u00fcberschritten habe&#8216;. Der \u00f6sterreichische Autor G.F. Jonke (1946 Klagenfurt 2009) wurde mehrfach geehrt und ausgezeichnet u.a. mit dem Ingeborg Bachmann-Preis und dem Nestroy-Theater-Preis.<\/p>\n","protected":false},"featured_media":23471,"template":"","meta":[],"product_brand":[],"product_cat":[29,71,176,32,350,914],"product_tag":[],"class_list":{"0":"post-8879","1":"product","2":"type-product","3":"status-publish","4":"has-post-thumbnail","6":"product_cat-20-jahrhundert","7":"product_cat-austriaca","8":"product_cat-first-edition","9":"product_cat-literatur","10":"product_cat-widmungsexemplar","11":"product_cat-zvab","13":"first","14":"instock","15":"purchasable","16":"product-type-simple"},"_links":{"self":[{"href":"https:\/\/antiquariat-steinbach.com\/rarebooks\/wp-json\/wp\/v2\/product\/8879","targetHints":{"allow":["GET"]}}],"collection":[{"href":"https:\/\/antiquariat-steinbach.com\/rarebooks\/wp-json\/wp\/v2\/product"}],"about":[{"href":"https:\/\/antiquariat-steinbach.com\/rarebooks\/wp-json\/wp\/v2\/types\/product"}],"version-history":[{"count":3,"href":"https:\/\/antiquariat-steinbach.com\/rarebooks\/wp-json\/wp\/v2\/product\/8879\/revisions"}],"predecessor-version":[{"id":22318,"href":"https:\/\/antiquariat-steinbach.com\/rarebooks\/wp-json\/wp\/v2\/product\/8879\/revisions\/22318"}],"wp:featuredmedia":[{"embeddable":true,"href":"https:\/\/antiquariat-steinbach.com\/rarebooks\/wp-json\/wp\/v2\/media\/23471"}],"wp:attachment":[{"href":"https:\/\/antiquariat-steinbach.com\/rarebooks\/wp-json\/wp\/v2\/media?parent=8879"}],"wp:term":[{"taxonomy":"product_brand","embeddable":true,"href":"https:\/\/antiquariat-steinbach.com\/rarebooks\/wp-json\/wp\/v2\/product_brand?post=8879"},{"taxonomy":"product_cat","embeddable":true,"href":"https:\/\/antiquariat-steinbach.com\/rarebooks\/wp-json\/wp\/v2\/product_cat?post=8879"},{"taxonomy":"product_tag","embeddable":true,"href":"https:\/\/antiquariat-steinbach.com\/rarebooks\/wp-json\/wp\/v2\/product_tag?post=8879"}],"curies":[{"name":"wp","href":"https:\/\/api.w.org\/{rel}","templated":true}]}}