{"id":8867,"date":"2026-03-12T00:26:37","date_gmt":"2026-03-11T23:26:37","guid":{"rendered":"http:\/\/antiquariat-steinbach.com\/rarebooks\/produkt\/die-dombacher-komoedie-in-3-akten\/"},"modified":"2026-03-12T00:26:39","modified_gmt":"2026-03-11T23:26:39","slug":"widmungsexemplar-feld-leo-d-i-leo-hirschfeld-die-dombacher-komoedie-in-3-akten","status":"publish","type":"product","link":"https:\/\/antiquariat-steinbach.com\/rarebooks\/produkt\/widmungsexemplar-feld-leo-d-i-leo-hirschfeld-die-dombacher-komoedie-in-3-akten\/","title":{"rendered":"Widmungsexemplar &#8211;   Feld, Leo (d.i. Leo Hirschfeld). &#8211;  Die Dombacher. Kom\u00f6die in 3 Akten."},"content":{"rendered":"<p>Wien, Wallishauser, 1917.<\/p>\n<p>19,5 : 13,5 cm. 107 Seiten. Original-Broschur.<\/p>\n<p>60,00 EUR<\/p>\n","protected":false},"excerpt":{"rendered":"<p>Erste Ausgabe. &#8211; Auf dem Titel drei-zeilige Widmung mit Unterschrift, Wien 1917. &#8211; Leo Hirschfeld (Pseudonym Leo Feld) 1869 Augsburg &#8211; 1924 Florenz, studierte in Wien, arbeitete f\u00fcr verschiedenen Zeitungen, verfasste Opernlibretti mit seinm Bruder Viktor und schriebe eine gro\u00dfe Zahl naturalistischer und romantischer Volksst\u00fccke. Er war befreundet mit Hermann Bahr, Arthur Schnitzler u.a.<\/p>\n","protected":false},"featured_media":18319,"template":"","meta":[],"product_brand":[],"product_cat":[71,32,685,914],"product_tag":[],"class_list":{"0":"post-8867","1":"product","2":"type-product","3":"status-publish","4":"has-post-thumbnail","6":"product_cat-austriaca","7":"product_cat-literatur","8":"product_cat-volkskunde","9":"product_cat-zvab","11":"first","12":"instock","13":"purchasable","14":"product-type-simple"},"_links":{"self":[{"href":"https:\/\/antiquariat-steinbach.com\/rarebooks\/wp-json\/wp\/v2\/product\/8867","targetHints":{"allow":["GET"]}}],"collection":[{"href":"https:\/\/antiquariat-steinbach.com\/rarebooks\/wp-json\/wp\/v2\/product"}],"about":[{"href":"https:\/\/antiquariat-steinbach.com\/rarebooks\/wp-json\/wp\/v2\/types\/product"}],"version-history":[{"count":3,"href":"https:\/\/antiquariat-steinbach.com\/rarebooks\/wp-json\/wp\/v2\/product\/8867\/revisions"}],"predecessor-version":[{"id":22311,"href":"https:\/\/antiquariat-steinbach.com\/rarebooks\/wp-json\/wp\/v2\/product\/8867\/revisions\/22311"}],"wp:featuredmedia":[{"embeddable":true,"href":"https:\/\/antiquariat-steinbach.com\/rarebooks\/wp-json\/wp\/v2\/media\/18319"}],"wp:attachment":[{"href":"https:\/\/antiquariat-steinbach.com\/rarebooks\/wp-json\/wp\/v2\/media?parent=8867"}],"wp:term":[{"taxonomy":"product_brand","embeddable":true,"href":"https:\/\/antiquariat-steinbach.com\/rarebooks\/wp-json\/wp\/v2\/product_brand?post=8867"},{"taxonomy":"product_cat","embeddable":true,"href":"https:\/\/antiquariat-steinbach.com\/rarebooks\/wp-json\/wp\/v2\/product_cat?post=8867"},{"taxonomy":"product_tag","embeddable":true,"href":"https:\/\/antiquariat-steinbach.com\/rarebooks\/wp-json\/wp\/v2\/product_tag?post=8867"}],"curies":[{"name":"wp","href":"https:\/\/api.w.org\/{rel}","templated":true}]}}