{"id":8859,"date":"2026-03-12T00:26:37","date_gmt":"2026-03-11T23:26:37","guid":{"rendered":"http:\/\/antiquariat-steinbach.com\/rarebooks\/produkt\/geschichte-ueber-einen-entlaufenen-moench-der-mit-der-schrift-ueberwunden-ward\/"},"modified":"2026-03-12T00:26:38","modified_gmt":"2026-03-11T23:26:38","slug":"wickram-joerg-geschichte-ueber-einen-entlaufenen-moench-der-mit-der-schrift-ueberwunden-ward","status":"publish","type":"product","link":"https:\/\/antiquariat-steinbach.com\/rarebooks\/produkt\/wickram-joerg-geschichte-ueber-einen-entlaufenen-moench-der-mit-der-schrift-ueberwunden-ward\/","title":{"rendered":"Wickram, J\u00f6rg: &#8211;  Geschichte \u00fcber einen entlaufenen M\u00f6nch, der mit der Schrift \u00fcberwunden ward."},"content":{"rendered":"<p>(Frankfurt\/Main, Bauersche Gie\u00dferei) o.J.(ca. 1940).<\/p>\n<p>20 : 14 cm. 4 Blatt Mit 3 Original-Holzschnitten von Karl Mahr. Illustrierter Original-Umschlag.<\/p>\n<p>15,00 EUR<\/p>\n","protected":false},"excerpt":{"rendered":"<p>(Frankfurt\/Main, Bauersche Gie\u00dferei) o.J.(ca. 1940). 20 : 14 cm. 4 Blatt Mit 3 Original-Holzschnitten von Karl Mahr. Illustrierter Original-Umschlag. 15,00&hellip;<\/p>\n","protected":false},"featured_media":0,"template":"","meta":[],"product_brand":[],"product_cat":[342,43,32,914],"product_tag":[],"class_list":{"0":"post-8859","1":"product","2":"type-product","3":"status-publish","5":"product_cat-ffm11","6":"product_cat-illustrierte-buecher","7":"product_cat-literatur","8":"product_cat-zvab","10":"first","11":"instock","12":"purchasable","13":"product-type-simple"},"_links":{"self":[{"href":"https:\/\/antiquariat-steinbach.com\/rarebooks\/wp-json\/wp\/v2\/product\/8859","targetHints":{"allow":["GET"]}}],"collection":[{"href":"https:\/\/antiquariat-steinbach.com\/rarebooks\/wp-json\/wp\/v2\/product"}],"about":[{"href":"https:\/\/antiquariat-steinbach.com\/rarebooks\/wp-json\/wp\/v2\/types\/product"}],"version-history":[{"count":3,"href":"https:\/\/antiquariat-steinbach.com\/rarebooks\/wp-json\/wp\/v2\/product\/8859\/revisions"}],"predecessor-version":[{"id":22305,"href":"https:\/\/antiquariat-steinbach.com\/rarebooks\/wp-json\/wp\/v2\/product\/8859\/revisions\/22305"}],"wp:attachment":[{"href":"https:\/\/antiquariat-steinbach.com\/rarebooks\/wp-json\/wp\/v2\/media?parent=8859"}],"wp:term":[{"taxonomy":"product_brand","embeddable":true,"href":"https:\/\/antiquariat-steinbach.com\/rarebooks\/wp-json\/wp\/v2\/product_brand?post=8859"},{"taxonomy":"product_cat","embeddable":true,"href":"https:\/\/antiquariat-steinbach.com\/rarebooks\/wp-json\/wp\/v2\/product_cat?post=8859"},{"taxonomy":"product_tag","embeddable":true,"href":"https:\/\/antiquariat-steinbach.com\/rarebooks\/wp-json\/wp\/v2\/product_tag?post=8859"}],"curies":[{"name":"wp","href":"https:\/\/api.w.org\/{rel}","templated":true}]}}