{"id":8847,"date":"2026-03-12T00:26:37","date_gmt":"2026-03-11T23:26:37","guid":{"rendered":"http:\/\/antiquariat-steinbach.com\/rarebooks\/produkt\/des-jungen-werthers-zuruf-aus-der-ewigkeit-an-die-noch-lebenden-menschen-auf-der-erde-vorgebunden-i-nicolai-f-freuden-des-jungen-werthers-leiden-und-freuden-werthers-des-mannes-ii-ueber-di\/"},"modified":"2026-03-12T00:26:37","modified_gmt":"2026-03-11T23:26:37","slug":"werther-schlettwein-johann-august-des-jungen-werthers-zuruf-aus-der-ewigkeit-an-die-noch-lebenden-menschen-auf-der-erde-vorgebunden-i-nicolai-f-freuden-des-jungen-werthers-leiden-und","status":"publish","type":"product","link":"https:\/\/antiquariat-steinbach.com\/rarebooks\/produkt\/werther-schlettwein-johann-august-des-jungen-werthers-zuruf-aus-der-ewigkeit-an-die-noch-lebenden-menschen-auf-der-erde-vorgebunden-i-nicolai-f-freuden-des-jungen-werthers-leiden-und\/","title":{"rendered":"Werther &#8211; (Schlettwein, Johann August). &#8211;  Des jungen Werthers Zuruf aus der Ewigkeit an die noch lebenden Menschen auf der Erde. VORGEBUNDEN: I.(Nicolai, F.). Freuden des jungen Werthers. Leiden und Freuden Werthers des Mannes. &#8211; II. Ueber die Leiden des jungen Werthers. Gespr\u00e4che."},"content":{"rendered":"<p>Carlsruhe bzw. Freystadt, Maklott, 1775.<\/p>\n<p>3 Teile in 1 Band.  17,5 : 11 cm. Moderner Lederband.<\/p>\n<p>500,00 EUR<\/p>\n","protected":false},"excerpt":{"rendered":"<p>80; 32, 47 Seiten, mit Holzschnitt-Titelvignetten. Moderner Lederband. Sehr seltene und einzige Ausgabe. Als Verfasser wird Schlettwein (1731-1802) in der Literatur gef\u00fchrt. &#8211; Goed. IV, 3, 181, 6. &#8211; I: Wohl Nachdruckausgabe mit anderem Verlagsort des Anti-Werther von Friedrich Nicolai. Er wollte mit seiner Satire weniger Goethe, als vielmehr die Folgen der &#8222;Werther-Mode&#8220; (Selbstmorde) und Schw\u00e4rmerei treffen. Goethe zeigte sich dennoch ver\u00e4rgert \u00fcber dieses &#8218;Berliner Hundezeug&#8216;. &#8211; II: Verfasser ist wohl Riebe. &#8211; Alle drei Titel mit kleinem Sammler- und Blindstempel.<\/p>\n","protected":false},"featured_media":18312,"template":"","meta":[],"product_brand":[],"product_cat":[74,304,59,32,914],"product_tag":[],"class_list":{"0":"post-8847","1":"product","2":"type-product","3":"status-publish","4":"has-post-thumbnail","6":"product_cat-deutschland","7":"product_cat-goethe","8":"product_cat-kulturgeschichte","9":"product_cat-literatur","10":"product_cat-zvab","12":"first","13":"instock","14":"purchasable","15":"product-type-simple"},"_links":{"self":[{"href":"https:\/\/antiquariat-steinbach.com\/rarebooks\/wp-json\/wp\/v2\/product\/8847","targetHints":{"allow":["GET"]}}],"collection":[{"href":"https:\/\/antiquariat-steinbach.com\/rarebooks\/wp-json\/wp\/v2\/product"}],"about":[{"href":"https:\/\/antiquariat-steinbach.com\/rarebooks\/wp-json\/wp\/v2\/types\/product"}],"version-history":[{"count":3,"href":"https:\/\/antiquariat-steinbach.com\/rarebooks\/wp-json\/wp\/v2\/product\/8847\/revisions"}],"predecessor-version":[{"id":22300,"href":"https:\/\/antiquariat-steinbach.com\/rarebooks\/wp-json\/wp\/v2\/product\/8847\/revisions\/22300"}],"wp:featuredmedia":[{"embeddable":true,"href":"https:\/\/antiquariat-steinbach.com\/rarebooks\/wp-json\/wp\/v2\/media\/18312"}],"wp:attachment":[{"href":"https:\/\/antiquariat-steinbach.com\/rarebooks\/wp-json\/wp\/v2\/media?parent=8847"}],"wp:term":[{"taxonomy":"product_brand","embeddable":true,"href":"https:\/\/antiquariat-steinbach.com\/rarebooks\/wp-json\/wp\/v2\/product_brand?post=8847"},{"taxonomy":"product_cat","embeddable":true,"href":"https:\/\/antiquariat-steinbach.com\/rarebooks\/wp-json\/wp\/v2\/product_cat?post=8847"},{"taxonomy":"product_tag","embeddable":true,"href":"https:\/\/antiquariat-steinbach.com\/rarebooks\/wp-json\/wp\/v2\/product_tag?post=8847"}],"curies":[{"name":"wp","href":"https:\/\/api.w.org\/{rel}","templated":true}]}}