{"id":8839,"date":"2026-03-12T00:26:35","date_gmt":"2026-03-11T23:26:35","guid":{"rendered":"http:\/\/antiquariat-steinbach.com\/rarebooks\/produkt\/publicite-et-arts-graphiques-werbung-und-graphische-kunst\/"},"modified":"2026-03-12T00:26:36","modified_gmt":"2026-03-11T23:26:36","slug":"werbung-publicite-et-arts-graphiques-werbung-und-graphische-kunst","status":"publish","type":"product","link":"https:\/\/antiquariat-steinbach.com\/rarebooks\/produkt\/werbung-publicite-et-arts-graphiques-werbung-und-graphische-kunst\/","title":{"rendered":"Werbung  &#8211;   Publicit\u00e9 et arts graphiques &#8211; Werbung und graphische Kunst."},"content":{"rendered":"<p>Genf, Collet, 1947.<\/p>\n<p>31,5 : 25 cm. 138 Seiten, 108 Tafeln it vielen, teils montierten und farbigen Abbildungen. Farbig illustrierter Original-Karton.<\/p>\n<p>65,00 EUR<\/p>\n","protected":false},"excerpt":{"rendered":"<p>Gibt einen umfassenden \u00dcberblick \u00fcber die graphischen K\u00fcnste und der Werbung in der Schweiz kurz nach WWII. Mit Beitr\u00e4gen von Hans Neuburg, Maurice Guigoz, Jan Tschichold und Pery Wenger. Die Tafeln illustrieren das Schaffen der Werbeindustrie. &#8211; 2 montierte Beilagen fehlen, Ecken etwas gestaucht, Einband etwas berieben.<\/p>\n","protected":false},"featured_media":18311,"template":"","meta":[],"product_brand":[],"product_cat":[731,93,153,76,87,914],"product_tag":[],"class_list":{"0":"post-8839","1":"product","2":"type-product","3":"status-publish","4":"has-post-thumbnail","6":"product_cat-dekorativ","7":"product_cat-design","8":"product_cat-graphik","9":"product_cat-schweiz","10":"product_cat-werbung","11":"product_cat-zvab","13":"first","14":"instock","15":"purchasable","16":"product-type-simple"},"_links":{"self":[{"href":"https:\/\/antiquariat-steinbach.com\/rarebooks\/wp-json\/wp\/v2\/product\/8839","targetHints":{"allow":["GET"]}}],"collection":[{"href":"https:\/\/antiquariat-steinbach.com\/rarebooks\/wp-json\/wp\/v2\/product"}],"about":[{"href":"https:\/\/antiquariat-steinbach.com\/rarebooks\/wp-json\/wp\/v2\/types\/product"}],"version-history":[{"count":4,"href":"https:\/\/antiquariat-steinbach.com\/rarebooks\/wp-json\/wp\/v2\/product\/8839\/revisions"}],"predecessor-version":[{"id":22297,"href":"https:\/\/antiquariat-steinbach.com\/rarebooks\/wp-json\/wp\/v2\/product\/8839\/revisions\/22297"}],"wp:featuredmedia":[{"embeddable":true,"href":"https:\/\/antiquariat-steinbach.com\/rarebooks\/wp-json\/wp\/v2\/media\/18311"}],"wp:attachment":[{"href":"https:\/\/antiquariat-steinbach.com\/rarebooks\/wp-json\/wp\/v2\/media?parent=8839"}],"wp:term":[{"taxonomy":"product_brand","embeddable":true,"href":"https:\/\/antiquariat-steinbach.com\/rarebooks\/wp-json\/wp\/v2\/product_brand?post=8839"},{"taxonomy":"product_cat","embeddable":true,"href":"https:\/\/antiquariat-steinbach.com\/rarebooks\/wp-json\/wp\/v2\/product_cat?post=8839"},{"taxonomy":"product_tag","embeddable":true,"href":"https:\/\/antiquariat-steinbach.com\/rarebooks\/wp-json\/wp\/v2\/product_tag?post=8839"}],"curies":[{"name":"wp","href":"https:\/\/api.w.org\/{rel}","templated":true}]}}