{"id":8835,"date":"2026-03-12T00:26:35","date_gmt":"2026-03-11T23:26:35","guid":{"rendered":"http:\/\/antiquariat-steinbach.com\/rarebooks\/produkt\/wien-messe-messeplakt-fuer-die-6-wiener-internationale-messe-vom-9-bis-15-maerz-1924\/"},"modified":"2026-03-12T00:26:35","modified_gmt":"2026-03-11T23:26:35","slug":"werbung-fischinger-georg-wien-messe-messeplakt-fuer-die-6-wiener-internationale-messe-vom-9-bis-15-maerz-1924","status":"publish","type":"product","link":"https:\/\/antiquariat-steinbach.com\/rarebooks\/produkt\/werbung-fischinger-georg-wien-messe-messeplakt-fuer-die-6-wiener-internationale-messe-vom-9-bis-15-maerz-1924\/","title":{"rendered":"Werbung &#8211;   Fischinger, Georg. &#8211;  Wien Messe. Messeplakt f\u00fcr die 6. Wiener Internationale Messe vom 9. bis 15. M\u00e4rz 1924."},"content":{"rendered":"<p>Wien, Paul Gerin, 1924.<\/p>\n<p>129 : 81 cm. Farbdruck.<\/p>\n<p>300,00 EUR<\/p>\n","protected":false},"excerpt":{"rendered":"<p>Georg Fischinger (1859-1944) gestaltete mehrere Plakate f\u00fcr die Wiener Messe, darunter auch das Vorliegende, von dem es Varianten in verschiednen Gr\u00f6\u00dfen gibt, hier die Gr\u00f6\u00dfte Variante. Die zu einem Turm angeordneten Fahnen verschiedenster L\u00e4nder, streichen die Internatinalit\u00e4t der Messe heraus. &#8211; Mehrfach gefaltet und gering knittrig.<\/p>\n","protected":false},"featured_media":0,"template":"","meta":[],"product_brand":[],"product_cat":[93,88,90,914],"product_tag":[],"class_list":{"0":"post-8835","1":"product","2":"type-product","3":"status-publish","5":"product_cat-design","6":"product_cat-plakate","7":"product_cat-viennensia","8":"product_cat-zvab","10":"first","11":"instock","12":"purchasable","13":"product-type-simple"},"_links":{"self":[{"href":"https:\/\/antiquariat-steinbach.com\/rarebooks\/wp-json\/wp\/v2\/product\/8835","targetHints":{"allow":["GET"]}}],"collection":[{"href":"https:\/\/antiquariat-steinbach.com\/rarebooks\/wp-json\/wp\/v2\/product"}],"about":[{"href":"https:\/\/antiquariat-steinbach.com\/rarebooks\/wp-json\/wp\/v2\/types\/product"}],"version-history":[{"count":3,"href":"https:\/\/antiquariat-steinbach.com\/rarebooks\/wp-json\/wp\/v2\/product\/8835\/revisions"}],"predecessor-version":[{"id":22294,"href":"https:\/\/antiquariat-steinbach.com\/rarebooks\/wp-json\/wp\/v2\/product\/8835\/revisions\/22294"}],"wp:attachment":[{"href":"https:\/\/antiquariat-steinbach.com\/rarebooks\/wp-json\/wp\/v2\/media?parent=8835"}],"wp:term":[{"taxonomy":"product_brand","embeddable":true,"href":"https:\/\/antiquariat-steinbach.com\/rarebooks\/wp-json\/wp\/v2\/product_brand?post=8835"},{"taxonomy":"product_cat","embeddable":true,"href":"https:\/\/antiquariat-steinbach.com\/rarebooks\/wp-json\/wp\/v2\/product_cat?post=8835"},{"taxonomy":"product_tag","embeddable":true,"href":"https:\/\/antiquariat-steinbach.com\/rarebooks\/wp-json\/wp\/v2\/product_tag?post=8835"}],"curies":[{"name":"wp","href":"https:\/\/api.w.org\/{rel}","templated":true}]}}