{"id":8829,"date":"2026-03-12T00:26:33","date_gmt":"2026-03-11T23:26:33","guid":{"rendered":"http:\/\/antiquariat-steinbach.com\/rarebooks\/produkt\/werbezettel-des-dr-siebner-fuer-geschlechts-und-hautkrankheiten-bruchleiden-etc\/"},"modified":"2026-03-12T00:26:35","modified_gmt":"2026-03-11T23:26:35","slug":"werbeblatt-dr-siebner-werbezettel-des-dr-siebner-fuer-geschlechts-und-hautkrankheiten-bruchleiden-etc","status":"publish","type":"product","link":"https:\/\/antiquariat-steinbach.com\/rarebooks\/produkt\/werbeblatt-dr-siebner-werbezettel-des-dr-siebner-fuer-geschlechts-und-hautkrankheiten-bruchleiden-etc\/","title":{"rendered":"Werbeblatt &#8211;   Dr. Siebner &#8211;  Werbezettel des Dr. Siebner f\u00fcr Geschlechts- und Hautkrankheiten, Bruchleiden etc."},"content":{"rendered":"<p>Wien, 1880.<\/p>\n<p>6,5 : 10,5 cm. 1 Blatt<\/p>\n<p>20,00 EUR<\/p>\n","protected":false},"excerpt":{"rendered":"<p>Werbezettel f\u00fcr die Praxis des Dr. Siebner, in der Rotenturmstrasse im 1. Wiener Gemeindebezirk. Er behandelt Geschw\u00fcre aller Art, Bandwurm schmerzlos in 3-4 Stunden zu entfernen, bei Frauen wei\u00dfen Flu\u00df, Bleichsucht etc.<\/p>\n","protected":false},"featured_media":18307,"template":"","meta":[],"product_brand":[],"product_cat":[179,87,914],"product_tag":[],"class_list":{"0":"post-8829","1":"product","2":"type-product","3":"status-publish","4":"has-post-thumbnail","6":"product_cat-medizin","7":"product_cat-werbung","8":"product_cat-zvab","10":"first","11":"instock","12":"purchasable","13":"product-type-simple"},"_links":{"self":[{"href":"https:\/\/antiquariat-steinbach.com\/rarebooks\/wp-json\/wp\/v2\/product\/8829","targetHints":{"allow":["GET"]}}],"collection":[{"href":"https:\/\/antiquariat-steinbach.com\/rarebooks\/wp-json\/wp\/v2\/product"}],"about":[{"href":"https:\/\/antiquariat-steinbach.com\/rarebooks\/wp-json\/wp\/v2\/types\/product"}],"version-history":[{"count":3,"href":"https:\/\/antiquariat-steinbach.com\/rarebooks\/wp-json\/wp\/v2\/product\/8829\/revisions"}],"predecessor-version":[{"id":22291,"href":"https:\/\/antiquariat-steinbach.com\/rarebooks\/wp-json\/wp\/v2\/product\/8829\/revisions\/22291"}],"wp:featuredmedia":[{"embeddable":true,"href":"https:\/\/antiquariat-steinbach.com\/rarebooks\/wp-json\/wp\/v2\/media\/18307"}],"wp:attachment":[{"href":"https:\/\/antiquariat-steinbach.com\/rarebooks\/wp-json\/wp\/v2\/media?parent=8829"}],"wp:term":[{"taxonomy":"product_brand","embeddable":true,"href":"https:\/\/antiquariat-steinbach.com\/rarebooks\/wp-json\/wp\/v2\/product_brand?post=8829"},{"taxonomy":"product_cat","embeddable":true,"href":"https:\/\/antiquariat-steinbach.com\/rarebooks\/wp-json\/wp\/v2\/product_cat?post=8829"},{"taxonomy":"product_tag","embeddable":true,"href":"https:\/\/antiquariat-steinbach.com\/rarebooks\/wp-json\/wp\/v2\/product_tag?post=8829"}],"curies":[{"name":"wp","href":"https:\/\/api.w.org\/{rel}","templated":true}]}}