{"id":881,"date":"2026-03-12T00:14:52","date_gmt":"2026-03-11T23:14:52","guid":{"rendered":"http:\/\/antiquariat-steinbach.com\/rarebooks\/produkt\/le-moyne-amador-qui-feut-un-glorieux-abbe-de-turpenay\/"},"modified":"2026-03-12T00:14:53","modified_gmt":"2026-03-11T23:14:53","slug":"livres-illustres-balzac-honore-de-le-moyne-amador-qui-feut-un-glorieux-abbe-de-turpenay","status":"publish","type":"product","link":"https:\/\/antiquariat-steinbach.com\/rarebooks\/produkt\/livres-illustres-balzac-honore-de-le-moyne-amador-qui-feut-un-glorieux-abbe-de-turpenay\/","title":{"rendered":"Livres illustr\u00e9s &#8211;   Balzac, Honore de: &#8211;  Le moyne Amador qui feut un glorieux abb\u00e9 de Turpenay."},"content":{"rendered":"<p>Paris, Kieffer 1921.<\/p>\n<p>23,5 : 21,5 cm. 81 pages With many pochoir-coloured illustrations by Quint. Coloured illustrated original wrappers.<\/p>\n<p>280,00 EUR<\/p>\n","protected":false},"excerpt":{"rendered":"<p>One of 500 numbered copies on &#8218;velin de cuve&#8216;. The illustrations in shinning colours. &#8211; Texte calligraphi\u00e9 aux nombreuses et savoureuses illustrations, colori\u00e9es au pochoir, alternant bandeaux, vignettes, en marge ou en encadrement, lettres orn\u00e9es. Tirage limit\u00e9 \u00e0 580 ex. num: Carteret, V-20 &#8211; Monod, 907.<\/p>\n","protected":false},"featured_media":9862,"template":"","meta":[],"product_brand":[],"product_cat":[29,142,143,43,914],"product_tag":[],"class_list":{"0":"post-881","1":"product","2":"type-product","3":"status-publish","4":"has-post-thumbnail","6":"product_cat-20-jahrhundert","7":"product_cat-erotika","8":"product_cat-francais","9":"product_cat-illustrierte-buecher","10":"product_cat-zvab","12":"first","13":"instock","14":"purchasable","15":"product-type-simple"},"_links":{"self":[{"href":"https:\/\/antiquariat-steinbach.com\/rarebooks\/wp-json\/wp\/v2\/product\/881","targetHints":{"allow":["GET"]}}],"collection":[{"href":"https:\/\/antiquariat-steinbach.com\/rarebooks\/wp-json\/wp\/v2\/product"}],"about":[{"href":"https:\/\/antiquariat-steinbach.com\/rarebooks\/wp-json\/wp\/v2\/types\/product"}],"version-history":[{"count":4,"href":"https:\/\/antiquariat-steinbach.com\/rarebooks\/wp-json\/wp\/v2\/product\/881\/revisions"}],"predecessor-version":[{"id":24600,"href":"https:\/\/antiquariat-steinbach.com\/rarebooks\/wp-json\/wp\/v2\/product\/881\/revisions\/24600"}],"wp:featuredmedia":[{"embeddable":true,"href":"https:\/\/antiquariat-steinbach.com\/rarebooks\/wp-json\/wp\/v2\/media\/9862"}],"wp:attachment":[{"href":"https:\/\/antiquariat-steinbach.com\/rarebooks\/wp-json\/wp\/v2\/media?parent=881"}],"wp:term":[{"taxonomy":"product_brand","embeddable":true,"href":"https:\/\/antiquariat-steinbach.com\/rarebooks\/wp-json\/wp\/v2\/product_brand?post=881"},{"taxonomy":"product_cat","embeddable":true,"href":"https:\/\/antiquariat-steinbach.com\/rarebooks\/wp-json\/wp\/v2\/product_cat?post=881"},{"taxonomy":"product_tag","embeddable":true,"href":"https:\/\/antiquariat-steinbach.com\/rarebooks\/wp-json\/wp\/v2\/product_tag?post=881"}],"curies":[{"name":"wp","href":"https:\/\/api.w.org\/{rel}","templated":true}]}}