{"id":8789,"date":"2026-03-12T00:26:31","date_gmt":"2026-03-11T23:26:31","guid":{"rendered":"http:\/\/antiquariat-steinbach.com\/rarebooks\/produkt\/poesia-visuale-visuelle-poesie-visual-peotry\/"},"modified":"2026-03-12T00:26:31","modified_gmt":"2026-03-11T23:26:31","slug":"weiermair-peter-herausgeber-poesia-visuale-visuelle-poesie-visual-peotry","status":"publish","type":"product","link":"https:\/\/antiquariat-steinbach.com\/rarebooks\/produkt\/weiermair-peter-herausgeber-poesia-visuale-visuelle-poesie-visual-peotry\/","title":{"rendered":"Weiermair, Peter (Herausgeber) &#8211;  poesia visuale &#8211; visuelle poesie &#8211; visual peotry."},"content":{"rendered":"<p>Innsbruck, Allerheiligenpresse, 1968.<\/p>\n<p>23  23 cm. 18 Blatt. Schwarze original Karton-Mappe.<\/p>\n<p>280,00 EUR<\/p>\n","protected":false},"excerpt":{"rendered":"<p>Eines von nur 300 numerierten Exemplaren. Mit Beitr\u00e4gen von Achleitner, Belloli, Bremer De Campos, Gappmayer, Gomringer, Hirsal, Pignatari, R\u00fchm, Xisto. Erschien anl\u00e4\u00dflich der Ausstellungen visuelle poesie 1968 in Karlsruhe, Alpbach, Innsbruck und Wien.<\/p>\n","protected":false},"featured_media":18296,"template":"","meta":[],"product_brand":[],"product_cat":[29,32,647,47,914],"product_tag":[],"class_list":{"0":"post-8789","1":"product","2":"type-product","3":"status-publish","4":"has-post-thumbnail","6":"product_cat-20-jahrhundert","7":"product_cat-literatur","8":"product_cat-poesie","9":"product_cat-typographie","10":"product_cat-zvab","12":"first","13":"instock","14":"purchasable","15":"product-type-simple"},"_links":{"self":[{"href":"https:\/\/antiquariat-steinbach.com\/rarebooks\/wp-json\/wp\/v2\/product\/8789","targetHints":{"allow":["GET"]}}],"collection":[{"href":"https:\/\/antiquariat-steinbach.com\/rarebooks\/wp-json\/wp\/v2\/product"}],"about":[{"href":"https:\/\/antiquariat-steinbach.com\/rarebooks\/wp-json\/wp\/v2\/types\/product"}],"version-history":[{"count":3,"href":"https:\/\/antiquariat-steinbach.com\/rarebooks\/wp-json\/wp\/v2\/product\/8789\/revisions"}],"predecessor-version":[{"id":22272,"href":"https:\/\/antiquariat-steinbach.com\/rarebooks\/wp-json\/wp\/v2\/product\/8789\/revisions\/22272"}],"wp:featuredmedia":[{"embeddable":true,"href":"https:\/\/antiquariat-steinbach.com\/rarebooks\/wp-json\/wp\/v2\/media\/18296"}],"wp:attachment":[{"href":"https:\/\/antiquariat-steinbach.com\/rarebooks\/wp-json\/wp\/v2\/media?parent=8789"}],"wp:term":[{"taxonomy":"product_brand","embeddable":true,"href":"https:\/\/antiquariat-steinbach.com\/rarebooks\/wp-json\/wp\/v2\/product_brand?post=8789"},{"taxonomy":"product_cat","embeddable":true,"href":"https:\/\/antiquariat-steinbach.com\/rarebooks\/wp-json\/wp\/v2\/product_cat?post=8789"},{"taxonomy":"product_tag","embeddable":true,"href":"https:\/\/antiquariat-steinbach.com\/rarebooks\/wp-json\/wp\/v2\/product_tag?post=8789"}],"curies":[{"name":"wp","href":"https:\/\/api.w.org\/{rel}","templated":true}]}}