{"id":8787,"date":"2026-03-12T00:26:31","date_gmt":"2026-03-11T23:26:31","guid":{"rendered":"http:\/\/antiquariat-steinbach.com\/rarebooks\/produkt\/der-buecherwurm-eine-monatsschrift-fuer-buecherfreunde\/"},"modified":"2026-03-12T00:26:31","modified_gmt":"2026-03-11T23:26:31","slug":"weichardt-walter-herausgeber-der-buecherwurm-eine-monatsschrift-fuer-buecherfreunde","status":"publish","type":"product","link":"https:\/\/antiquariat-steinbach.com\/rarebooks\/produkt\/weichardt-walter-herausgeber-der-buecherwurm-eine-monatsschrift-fuer-buecherfreunde\/","title":{"rendered":"Weichardt, Walter. (Herausgeber). &#8211;  Der B\u00fccherwurm. Eine Monatsschrift f\u00fcr B\u00fccherfreunde"},"content":{"rendered":"<p>Cassel, Kay, 1914.<\/p>\n<p>3 Hefte der Reihe. 22,5 : 16 cm. Mit mehreren Illustrationen. Illustgrierte Original-Umschl\u00e4ge.<\/p>\n<p>30,00 EUR<\/p>\n","protected":false},"excerpt":{"rendered":"<p>Vorhanden sind die Hefte: 3. Jahrgang, Heft 4 und 5; 4. Jahrgang Heft 7\/8 mit Schrenschniten von Dieffenbach.  &#8211; Heft7\/8 mit Randl\u00e4sur.<\/p>\n","protected":false},"featured_media":18295,"template":"","meta":[],"product_brand":[],"product_cat":[29,198,43,52,914],"product_tag":[],"class_list":{"0":"post-8787","1":"product","2":"type-product","3":"status-publish","4":"has-post-thumbnail","6":"product_cat-20-jahrhundert","7":"product_cat-bibliohpilie","8":"product_cat-illustrierte-buecher","9":"product_cat-zeitschriften","10":"product_cat-zvab","12":"first","13":"instock","14":"purchasable","15":"product-type-simple"},"_links":{"self":[{"href":"https:\/\/antiquariat-steinbach.com\/rarebooks\/wp-json\/wp\/v2\/product\/8787","targetHints":{"allow":["GET"]}}],"collection":[{"href":"https:\/\/antiquariat-steinbach.com\/rarebooks\/wp-json\/wp\/v2\/product"}],"about":[{"href":"https:\/\/antiquariat-steinbach.com\/rarebooks\/wp-json\/wp\/v2\/types\/product"}],"version-history":[{"count":3,"href":"https:\/\/antiquariat-steinbach.com\/rarebooks\/wp-json\/wp\/v2\/product\/8787\/revisions"}],"predecessor-version":[{"id":22271,"href":"https:\/\/antiquariat-steinbach.com\/rarebooks\/wp-json\/wp\/v2\/product\/8787\/revisions\/22271"}],"wp:featuredmedia":[{"embeddable":true,"href":"https:\/\/antiquariat-steinbach.com\/rarebooks\/wp-json\/wp\/v2\/media\/18295"}],"wp:attachment":[{"href":"https:\/\/antiquariat-steinbach.com\/rarebooks\/wp-json\/wp\/v2\/media?parent=8787"}],"wp:term":[{"taxonomy":"product_brand","embeddable":true,"href":"https:\/\/antiquariat-steinbach.com\/rarebooks\/wp-json\/wp\/v2\/product_brand?post=8787"},{"taxonomy":"product_cat","embeddable":true,"href":"https:\/\/antiquariat-steinbach.com\/rarebooks\/wp-json\/wp\/v2\/product_cat?post=8787"},{"taxonomy":"product_tag","embeddable":true,"href":"https:\/\/antiquariat-steinbach.com\/rarebooks\/wp-json\/wp\/v2\/product_tag?post=8787"}],"curies":[{"name":"wp","href":"https:\/\/api.w.org\/{rel}","templated":true}]}}