{"id":875,"date":"2026-03-12T00:02:01","date_gmt":"2026-03-11T23:02:01","guid":{"rendered":"http:\/\/antiquariat-steinbach.com\/rarebooks\/produkt\/die-heilquelle-zu-pfaefers-ein-historisch-topographischer-und-heilkundiger-versuch\/"},"modified":"2026-03-12T00:02:02","modified_gmt":"2026-03-11T23:02:02","slug":"balneologie-kaiser-johann-anton-die-heilquelle-zu-pfaefers-ein-historisch-topographischer-und-heilkundiger-versuch","status":"publish","type":"product","link":"https:\/\/antiquariat-steinbach.com\/rarebooks\/produkt\/balneologie-kaiser-johann-anton-die-heilquelle-zu-pfaefers-ein-historisch-topographischer-und-heilkundiger-versuch\/","title":{"rendered":"Balneologie &#8211; Kaiser, Johann Anton. &#8211;  Die Heilquelle zu Pf\u00e4fers, ein historisch-topographischer und heilkundiger Versuch."},"content":{"rendered":"<p>Chur, A.T. Otto, 1822.<\/p>\n<p>Kl.-8.<\/p>\n<p>300,00 EUR<\/p>\n","protected":false},"excerpt":{"rendered":"<p>Fortispiece, gestochener Titel mit Vignette, IV, 182 Seiten, 1 Blatt (Inhaltsverzeichnis), 2 Tafeln. Moderner marmorierter Halbleinenband mit R\u00fcckenschild. Seltene Erstausgabe. Das Frontispiz, die Titelvignette und die Tafeln zeigen in Aquatinta von J. Meyer nach M. Usteri und R. am Stein das Bad Pf\u00e4fers und seine Umgebung, das Kurhaus, das Stift Pf\u00e4fers und den Eingang zur Heilquelle. &#8211; Vereinzelt gering stockflekcig. Moderner marmorierter Halbleinenband mit R\u00fcckenschild.<\/p>\n","protected":false},"featured_media":0,"template":"","meta":[],"product_brand":[],"product_cat":[72,100,914],"product_tag":[],"class_list":{"0":"post-875","1":"product","2":"type-product","3":"status-publish","5":"product_cat-balneologie","6":"product_cat-helvetica","7":"product_cat-zvab","9":"first","10":"instock","11":"purchasable","12":"product-type-simple"},"_links":{"self":[{"href":"https:\/\/antiquariat-steinbach.com\/rarebooks\/wp-json\/wp\/v2\/product\/875","targetHints":{"allow":["GET"]}}],"collection":[{"href":"https:\/\/antiquariat-steinbach.com\/rarebooks\/wp-json\/wp\/v2\/product"}],"about":[{"href":"https:\/\/antiquariat-steinbach.com\/rarebooks\/wp-json\/wp\/v2\/types\/product"}],"version-history":[{"count":3,"href":"https:\/\/antiquariat-steinbach.com\/rarebooks\/wp-json\/wp\/v2\/product\/875\/revisions"}],"predecessor-version":[{"id":18621,"href":"https:\/\/antiquariat-steinbach.com\/rarebooks\/wp-json\/wp\/v2\/product\/875\/revisions\/18621"}],"wp:attachment":[{"href":"https:\/\/antiquariat-steinbach.com\/rarebooks\/wp-json\/wp\/v2\/media?parent=875"}],"wp:term":[{"taxonomy":"product_brand","embeddable":true,"href":"https:\/\/antiquariat-steinbach.com\/rarebooks\/wp-json\/wp\/v2\/product_brand?post=875"},{"taxonomy":"product_cat","embeddable":true,"href":"https:\/\/antiquariat-steinbach.com\/rarebooks\/wp-json\/wp\/v2\/product_cat?post=875"},{"taxonomy":"product_tag","embeddable":true,"href":"https:\/\/antiquariat-steinbach.com\/rarebooks\/wp-json\/wp\/v2\/product_tag?post=875"}],"curies":[{"name":"wp","href":"https:\/\/api.w.org\/{rel}","templated":true}]}}