{"id":8711,"date":"2026-03-12T00:26:25","date_gmt":"2026-03-11T23:26:25","guid":{"rendered":"http:\/\/antiquariat-steinbach.com\/rarebooks\/produkt\/landwirtschaftliche-geraete-agricultural-tools\/"},"modified":"2026-03-12T00:26:25","modified_gmt":"2026-03-11T23:26:25","slug":"walther-eduard-landwirtschaftliche-geraete-agricultural-tools","status":"publish","type":"product","link":"https:\/\/antiquariat-steinbach.com\/rarebooks\/produkt\/walther-eduard-landwirtschaftliche-geraete-agricultural-tools\/","title":{"rendered":"Walther, Eduard: &#8211;  Landwirtschaftliche Ger\u00e4te. (Agricultural tools)."},"content":{"rendered":"<p>E\u00dflingen and M\u00fcnchen, Schreiber, o.J. (um 1875).<\/p>\n<p>31,5 : 40 cm. Coloured, litographed plate.<\/p>\n<p>80,00 EUR<\/p>\n","protected":false},"excerpt":{"rendered":"<p>The decorative plate shows agricultural tools around 1875. &#8211; From: Bilder zum Anschauungs-Unterricht  f\u00fcr die Jugend, plate 15.<\/p>\n","protected":false},"featured_media":0,"template":"","meta":[],"product_brand":[],"product_cat":[208,153,127,685,914],"product_tag":[],"class_list":{"0":"post-8711","1":"product","2":"type-product","3":"status-publish","5":"product_cat-dekoratives","6":"product_cat-graphik","7":"product_cat-landwirtschaft","8":"product_cat-volkskunde","9":"product_cat-zvab","11":"first","12":"instock","13":"purchasable","14":"product-type-simple"},"_links":{"self":[{"href":"https:\/\/antiquariat-steinbach.com\/rarebooks\/wp-json\/wp\/v2\/product\/8711","targetHints":{"allow":["GET"]}}],"collection":[{"href":"https:\/\/antiquariat-steinbach.com\/rarebooks\/wp-json\/wp\/v2\/product"}],"about":[{"href":"https:\/\/antiquariat-steinbach.com\/rarebooks\/wp-json\/wp\/v2\/types\/product"}],"version-history":[{"count":3,"href":"https:\/\/antiquariat-steinbach.com\/rarebooks\/wp-json\/wp\/v2\/product\/8711\/revisions"}],"predecessor-version":[{"id":22234,"href":"https:\/\/antiquariat-steinbach.com\/rarebooks\/wp-json\/wp\/v2\/product\/8711\/revisions\/22234"}],"wp:attachment":[{"href":"https:\/\/antiquariat-steinbach.com\/rarebooks\/wp-json\/wp\/v2\/media?parent=8711"}],"wp:term":[{"taxonomy":"product_brand","embeddable":true,"href":"https:\/\/antiquariat-steinbach.com\/rarebooks\/wp-json\/wp\/v2\/product_brand?post=8711"},{"taxonomy":"product_cat","embeddable":true,"href":"https:\/\/antiquariat-steinbach.com\/rarebooks\/wp-json\/wp\/v2\/product_cat?post=8711"},{"taxonomy":"product_tag","embeddable":true,"href":"https:\/\/antiquariat-steinbach.com\/rarebooks\/wp-json\/wp\/v2\/product_tag?post=8711"}],"curies":[{"name":"wp","href":"https:\/\/api.w.org\/{rel}","templated":true}]}}