{"id":8695,"date":"2026-03-12T00:12:36","date_gmt":"2026-03-11T23:12:36","guid":{"rendered":"http:\/\/antiquariat-steinbach.com\/rarebooks\/produkt\/bilder-zum-anschaungs-unterricht-fuer-die-jugend\/"},"modified":"2026-03-12T00:12:38","modified_gmt":"2026-03-11T23:12:38","slug":"kinderbuecher-walther-eduard-bilder-zum-anschaungs-unterricht-fuer-die-jugend","status":"publish","type":"product","link":"https:\/\/antiquariat-steinbach.com\/rarebooks\/produkt\/kinderbuecher-walther-eduard-bilder-zum-anschaungs-unterricht-fuer-die-jugend\/","title":{"rendered":"Kinderb\u00fccher &#8211;   Walther, Eduard: &#8211;  Bilder zum Anschaungs-Unterricht f\u00fcr die Jugend."},"content":{"rendered":"<p>Esslingen and M\u00fcnchen, Schreiber (1890).<\/p>\n<p>32 : 22 cm. 8 leaves with 30 double-page, colored, cromolithographed plates. Colored illustrated original-half-cloth.<\/p>\n<p>380,00 EUR<\/p>\n","protected":false},"excerpt":{"rendered":"<p>The atractive plates show kitchen and cellar, field and woods, vine-yards, water, sea, village, city, construction site, street-traffic, postal services and railroad, mining etc. &#8211; Bilder zum Anschaungsunterricht f\u00fcr die Jugend, vol 1. &#8211; Wegehaupt II, 338.<\/p>\n","protected":false},"featured_media":23520,"template":"","meta":[],"product_brand":[],"product_cat":[289,65,60,914],"product_tag":[],"class_list":{"0":"post-8695","1":"product","2":"type-product","3":"status-publish","4":"has-post-thumbnail","6":"product_cat-bilderbuecher","7":"product_cat-geographie","8":"product_cat-kinderbuecher","9":"product_cat-zvab","11":"first","12":"instock","13":"purchasable","14":"product-type-simple"},"_links":{"self":[{"href":"https:\/\/antiquariat-steinbach.com\/rarebooks\/wp-json\/wp\/v2\/product\/8695","targetHints":{"allow":["GET"]}}],"collection":[{"href":"https:\/\/antiquariat-steinbach.com\/rarebooks\/wp-json\/wp\/v2\/product"}],"about":[{"href":"https:\/\/antiquariat-steinbach.com\/rarebooks\/wp-json\/wp\/v2\/types\/product"}],"version-history":[{"count":5,"href":"https:\/\/antiquariat-steinbach.com\/rarebooks\/wp-json\/wp\/v2\/product\/8695\/revisions"}],"predecessor-version":[{"id":23633,"href":"https:\/\/antiquariat-steinbach.com\/rarebooks\/wp-json\/wp\/v2\/product\/8695\/revisions\/23633"}],"wp:featuredmedia":[{"embeddable":true,"href":"https:\/\/antiquariat-steinbach.com\/rarebooks\/wp-json\/wp\/v2\/media\/23520"}],"wp:attachment":[{"href":"https:\/\/antiquariat-steinbach.com\/rarebooks\/wp-json\/wp\/v2\/media?parent=8695"}],"wp:term":[{"taxonomy":"product_brand","embeddable":true,"href":"https:\/\/antiquariat-steinbach.com\/rarebooks\/wp-json\/wp\/v2\/product_brand?post=8695"},{"taxonomy":"product_cat","embeddable":true,"href":"https:\/\/antiquariat-steinbach.com\/rarebooks\/wp-json\/wp\/v2\/product_cat?post=8695"},{"taxonomy":"product_tag","embeddable":true,"href":"https:\/\/antiquariat-steinbach.com\/rarebooks\/wp-json\/wp\/v2\/product_tag?post=8695"}],"curies":[{"name":"wp","href":"https:\/\/api.w.org\/{rel}","templated":true}]}}