{"id":8583,"date":"2026-03-12T00:24:37","date_gmt":"2026-03-11T23:24:37","guid":{"rendered":"http:\/\/antiquariat-steinbach.com\/rarebooks\/produkt\/koehlerglaube-und-wissenschaft-nachgebunden-i-wagner-andreas-naturwissenschaft-und-bibel-im-gegensatz-zu-dme-koehlerglauben-dess-herrn-carl-vogt-als-des-wiedererstandenen-und-aus-dem-franzoes\/"},"modified":"2026-03-12T00:24:38","modified_gmt":"2026-03-11T23:24:38","slug":"theologie-vogt-carl-koehlerglaube-und-wissenschaft-nachgebunden-i-wagner-andreas-naturwissenschaft-und-bibel-im-gegensatz-zu-dme-koehlerglauben-dess-herrn-carl-vogt-als-des-wiederers","status":"publish","type":"product","link":"https:\/\/antiquariat-steinbach.com\/rarebooks\/produkt\/theologie-vogt-carl-koehlerglaube-und-wissenschaft-nachgebunden-i-wagner-andreas-naturwissenschaft-und-bibel-im-gegensatz-zu-dme-koehlerglauben-dess-herrn-carl-vogt-als-des-wiederers\/","title":{"rendered":"Theologie &#8211;   Vogt, Carl: &#8211;  K\u00f6hlerglaube und Wissenschaft. &#8211; Nachgebunden: I. Wagner, Andreas. Naturwissenschaft und Bibel im Gegensatz zu dme K\u00f6hlerglauben dess Herrn Carl Vogt., als des wiedererstandenen und aus dem Franz\u00f6sischen in Deutsche \u00fcbersetzten Bory. &#8211; II.: Reichenbach, K. Freiherr von. K\u00f6hlerglaube und Afterweisheit. Dem Herrn C. Vogt in Genf zur Anwort."},"content":{"rendered":"<p>Gie\u00dfen, Stuttgart, Wien, Ricker, Liesching, Braum\u00fcller, 1855.<\/p>\n<p>3 Teile in 1 Band. 21,5 : 14 cm. Titel, 126 Seiten; 55 Seiten; Titel, 48 Seiten. Leinenband der Zeit mit Blindpr\u00e4gung.<\/p>\n<p>490,00 EUR<\/p>\n","protected":false},"excerpt":{"rendered":"<p>Erste Ausgabe dieser bekannten Streitschrift Karl Vogts, mit den beiden beigebundenen Gegenschriften, sehr selten. &#8222;Above all, Vogt was a distinguished zoologist whose writings did much to further development of this sience&#8220; (DSB XIV, 57). Vogt war einst Mitglied sowohl des Vorparlaments als auch der Nationalversammlung. &#8222;Von jeher hatte sich Vogt offen der materialistischen Naturanschauung zugewandt und als nun Rudolf Wagner in ungeschickter Weise gegen die deutschen Kraft- und Stoff-Philosophen (B\u00fcchner, Moleschott, Vogt) das Feldgeschrei erhob, eine bibelgem\u00e4\u00dfe Forschung oder wenigstens eine &#8218;doppelte Buchf\u00fchrung&#8216; des Forschers verlangte, bei der seine wissenschaftlichen Funde sein Glaubenbekenntni\u00df nicht ber\u00fchren d\u00fcrften, bearbeitete ihn Vogt in seiner Brosch\u00fcre &#8218;K\u00f6hlerglaube und Wissenschaft&#8216;, die vier Auflagen innerhalb eines Jahres erlebte, mit Keulenschl\u00e4gen. Er hatte stets die Lacher auf seiner Seite und erntete mit seinen drastischen Vergleichen, nach denen z.B. die Gedanken in einem \u00e4hnlichen Verh\u00e4ltni\u00df zum Gehirn stehen sollten, wie die fl\u00fcssigen Ausscheidungen des K\u00f6rpers zu den Nieren, eine nicht ganz unbedenkliche Volkth\u00fcmlichkeit, auf der anderen Seite nat\u00fcrlich einen ma\u00dflosen Ha\u00df der Clerikalen&#8220; (ADB XL, 185 ff.). In einer zweiseitigen Nachschrift wird auch noch &#8222;ein gewisser Freiherr von Reichenbach&#8220; mit einer grandios formulierten Erwiderung bedacht: &#8222;Es gibt vielleicht in Wien irgend einen jungen Doktor der Medizin, der einige Kenntnis von Phsychologie hat. Bitte, gestrenger Herr, scheuen Sie die paar Gulden nicht &#8211; lassen Sie sich ein paar Privatstunden geben, suchen Sie sich das Allergew\u00f6hnlichste aus jener Wissenschaft in den Kopf zu bringen und dann &#8211; kommen&#8217;s wieder&#8220;. &#8211; Hirsch V, 789; ADB XL, 181 ff. &#8211; Wichtige politische Streitschrift des Geologen, Zoologen und Politikers C. Vogt (1817-1895). &#8211; &#8222;1847-1849 war der Bef\u00fcrworter empirischer Forschung Professor f\u00fcr Zoologie an der Universit\u00e4t Giessen. Vogt beteiligte sich an der Revolution von 1848, wurde in die Frankfurter Nationalversammlung gew\u00e4hlt und hielt 1848 seine ber\u00fchmte Rede \u00fcber die Trennung von Kirche und Staat. Mit dem Rumpfparlament zog er sich nach Stuttgart zur\u00fcck und wirkte als einer der f\u00fcnf Reichsregenten. Nach der Niederschlagung der Revolution musste Vogt im Sommer 1849 nach Bern fl\u00fcchten, wo seine Eltern lebten. 1852 liess er sich in Genf nieder und wurde Professor f\u00fcr Geologie an der dortigen Akademie. Vogt lancierte einen publizistischen Angriff gegen Karl Marx, den er beschuldigte, ein Agent von \u00d6sterreich zu sein. Zudem stellte er die Kommunisten als F\u00e4lscher dar, welche die Menschen mit Schalmeienkl\u00e4ngen verf\u00fchrten. Marx antwortete mit dem Pamphlet \u00abHerr Vogt\u00bb (1860). Darin beschuldigte er nun seinerseits Vogt, ein bezahlter Agent im Dienst des Kaisers Napoleon III. zu sein&#8220; (S. Scholl in HLS). &#8211; &#8222;Von jeher hatte sich V. offen der materialistischen Naturanschauung zugewandt und als nun Rudolf Wagner in ungeschickter Weise gegen die deutschen Kraft- und Stoff-Philosophen (B\u00fcchner, Moleschott, Vogt) das Feldgeschrei erhob, eine bibelgem\u00e4\u00dfe Forschung oder wenigstens eine \u201edoppelte Buchf\u00fchrung\u201c des Forschers verlangte, bei welcher seine wissenschaftlichen Funde sein Glaubensbekenntni\u00df nicht ber\u00fchren d\u00fcrften, bearbeitete ihn V. in seiner Brosch\u00fcre \u201eK\u00f6hlerglaube und Wissenschaft\u201c (Gie\u00dfen 1855), welche vier Auflagen innerhalb eines Jahres erlebte, mit Keulenschl\u00e4gen. Er hatte stets die Lacher auf seiner Seite und erntete mit seinen drastischen Vergleichen, nach denen z. B. die Gedanken in einem \u00e4hnlichen Verh\u00e4ltni\u00df zum Gehirn stehen sollten, wie die fl\u00fcssigen Ausscheidungen des K\u00f6rpers zu den Nieren eine nicht ganz unbedenkliche Volksth\u00fcmlichkeit, auf der andern Seite nat\u00fcrlich einen ma\u00dflosen Ha\u00df der Clerikalen&#8220; (E. Kraus).<\/p>\n","protected":false},"featured_media":18251,"template":"","meta":[],"product_brand":[],"product_cat":[179,82,187,890,110,914],"product_tag":[],"class_list":{"0":"post-8583","1":"product","2":"type-product","3":"status-publish","4":"has-post-thumbnail","6":"product_cat-medizin","7":"product_cat-naturwissenschaften","8":"product_cat-philosophie","9":"product_cat-seltener-sammelband-mit-streitschriften","10":"product_cat-theologie","11":"product_cat-zvab","13":"first","14":"instock","15":"purchasable","16":"product-type-simple"},"_links":{"self":[{"href":"https:\/\/antiquariat-steinbach.com\/rarebooks\/wp-json\/wp\/v2\/product\/8583","targetHints":{"allow":["GET"]}}],"collection":[{"href":"https:\/\/antiquariat-steinbach.com\/rarebooks\/wp-json\/wp\/v2\/product"}],"about":[{"href":"https:\/\/antiquariat-steinbach.com\/rarebooks\/wp-json\/wp\/v2\/types\/product"}],"version-history":[{"count":5,"href":"https:\/\/antiquariat-steinbach.com\/rarebooks\/wp-json\/wp\/v2\/product\/8583\/revisions"}],"predecessor-version":[{"id":28642,"href":"https:\/\/antiquariat-steinbach.com\/rarebooks\/wp-json\/wp\/v2\/product\/8583\/revisions\/28642"}],"wp:featuredmedia":[{"embeddable":true,"href":"https:\/\/antiquariat-steinbach.com\/rarebooks\/wp-json\/wp\/v2\/media\/18251"}],"wp:attachment":[{"href":"https:\/\/antiquariat-steinbach.com\/rarebooks\/wp-json\/wp\/v2\/media?parent=8583"}],"wp:term":[{"taxonomy":"product_brand","embeddable":true,"href":"https:\/\/antiquariat-steinbach.com\/rarebooks\/wp-json\/wp\/v2\/product_brand?post=8583"},{"taxonomy":"product_cat","embeddable":true,"href":"https:\/\/antiquariat-steinbach.com\/rarebooks\/wp-json\/wp\/v2\/product_cat?post=8583"},{"taxonomy":"product_tag","embeddable":true,"href":"https:\/\/antiquariat-steinbach.com\/rarebooks\/wp-json\/wp\/v2\/product_tag?post=8583"}],"curies":[{"name":"wp","href":"https:\/\/api.w.org\/{rel}","templated":true}]}}