{"id":8569,"date":"2026-03-12T00:26:12","date_gmt":"2026-03-11T23:26:12","guid":{"rendered":"http:\/\/antiquariat-steinbach.com\/rarebooks\/produkt\/de-bethlehem-a-rome-numero-de-noel\/"},"modified":"2026-03-12T00:26:13","modified_gmt":"2026-03-11T23:26:13","slug":"vogel-de-bethlehem-a-rome-numero-de-noel","status":"publish","type":"product","link":"https:\/\/antiquariat-steinbach.com\/rarebooks\/produkt\/vogel-de-bethlehem-a-rome-numero-de-noel\/","title":{"rendered":"Vogel. &#8211;  De B\u00e9thl\u00e9hem \u00e1 Rome. Num\u00e9ro de Noel."},"content":{"rendered":"<p>Paris, 1903.<\/p>\n<p>32 : 24 cm. 6 leaves with many illustrations. Origianl wrappers.<\/p>\n<p>15,00 EUR<\/p>\n","protected":false},"excerpt":{"rendered":"<p>Paris, 1903. 32 : 24 cm. 6 leaves with many illustrations. Origianl wrappers. 15,00 EUR<\/p>\n","protected":false},"featured_media":18248,"template":"","meta":[],"product_brand":[],"product_cat":[143,123,290,52,914],"product_tag":[],"class_list":{"0":"post-8569","1":"product","2":"type-product","3":"status-publish","4":"has-post-thumbnail","6":"product_cat-francais","7":"product_cat-karikatur","8":"product_cat-theolgie","9":"product_cat-zeitschriften","10":"product_cat-zvab","12":"first","13":"instock","14":"purchasable","15":"product-type-simple"},"_links":{"self":[{"href":"https:\/\/antiquariat-steinbach.com\/rarebooks\/wp-json\/wp\/v2\/product\/8569","targetHints":{"allow":["GET"]}}],"collection":[{"href":"https:\/\/antiquariat-steinbach.com\/rarebooks\/wp-json\/wp\/v2\/product"}],"about":[{"href":"https:\/\/antiquariat-steinbach.com\/rarebooks\/wp-json\/wp\/v2\/types\/product"}],"version-history":[{"count":3,"href":"https:\/\/antiquariat-steinbach.com\/rarebooks\/wp-json\/wp\/v2\/product\/8569\/revisions"}],"predecessor-version":[{"id":22174,"href":"https:\/\/antiquariat-steinbach.com\/rarebooks\/wp-json\/wp\/v2\/product\/8569\/revisions\/22174"}],"wp:featuredmedia":[{"embeddable":true,"href":"https:\/\/antiquariat-steinbach.com\/rarebooks\/wp-json\/wp\/v2\/media\/18248"}],"wp:attachment":[{"href":"https:\/\/antiquariat-steinbach.com\/rarebooks\/wp-json\/wp\/v2\/media?parent=8569"}],"wp:term":[{"taxonomy":"product_brand","embeddable":true,"href":"https:\/\/antiquariat-steinbach.com\/rarebooks\/wp-json\/wp\/v2\/product_brand?post=8569"},{"taxonomy":"product_cat","embeddable":true,"href":"https:\/\/antiquariat-steinbach.com\/rarebooks\/wp-json\/wp\/v2\/product_cat?post=8569"},{"taxonomy":"product_tag","embeddable":true,"href":"https:\/\/antiquariat-steinbach.com\/rarebooks\/wp-json\/wp\/v2\/product_tag?post=8569"}],"curies":[{"name":"wp","href":"https:\/\/api.w.org\/{rel}","templated":true}]}}