{"id":8565,"date":"2026-03-12T00:26:10","date_gmt":"2026-03-11T23:26:10","guid":{"rendered":"http:\/\/antiquariat-steinbach.com\/rarebooks\/produkt\/biedermeierstoffe-die-sammlung-des-mak-oeserreichisches-museum-fuer-angewandte-kunst-und-des-technischen-museums-wien\/"},"modified":"2026-03-12T00:26:12","modified_gmt":"2026-03-11T23:26:12","slug":"voelker-angela-biedermeierstoffe-die-sammlung-des-mak-oeserreichisches-museum-fuer-angewandte-kunst-und-des-technischen-museums-wien","status":"publish","type":"product","link":"https:\/\/antiquariat-steinbach.com\/rarebooks\/produkt\/voelker-angela-biedermeierstoffe-die-sammlung-des-mak-oeserreichisches-museum-fuer-angewandte-kunst-und-des-technischen-museums-wien\/","title":{"rendered":"V\u00f6lker, Angela. &#8211;  Biedermeierstoffe. Die Sammlung des MAK &#8211; \u00d6serreichisches Museum f\u00fcr angewandte Kunst und des Technischen Museums Wien."},"content":{"rendered":"<p>M\u00fcnchen &#8211; New York, Prestel, 1996.<\/p>\n<p>29 : 24 cm. 143 Seiten mit 103 farbigen Tafeln und Illustrationen. Original Leinenband mit farbigen Schutzumschlag.<\/p>\n<p>25,00 EUR<\/p>\n","protected":false},"excerpt":{"rendered":"<p>M\u00fcnchen &#8211; New York, Prestel, 1996. 29 : 24 cm. 143 Seiten mit 103 farbigen Tafeln und Illustrationen. Original Leinenband&hellip;<\/p>\n","protected":false},"featured_media":0,"template":"","meta":[],"product_brand":[],"product_cat":[55,121,51,90,914],"product_tag":[],"class_list":{"0":"post-8565","1":"product","2":"type-product","3":"status-publish","5":"product_cat-fashion","6":"product_cat-mode","7":"product_cat-textil","8":"product_cat-viennensia","9":"product_cat-zvab","11":"first","12":"instock","13":"purchasable","14":"product-type-simple"},"_links":{"self":[{"href":"https:\/\/antiquariat-steinbach.com\/rarebooks\/wp-json\/wp\/v2\/product\/8565","targetHints":{"allow":["GET"]}}],"collection":[{"href":"https:\/\/antiquariat-steinbach.com\/rarebooks\/wp-json\/wp\/v2\/product"}],"about":[{"href":"https:\/\/antiquariat-steinbach.com\/rarebooks\/wp-json\/wp\/v2\/types\/product"}],"version-history":[{"count":3,"href":"https:\/\/antiquariat-steinbach.com\/rarebooks\/wp-json\/wp\/v2\/product\/8565\/revisions"}],"predecessor-version":[{"id":22170,"href":"https:\/\/antiquariat-steinbach.com\/rarebooks\/wp-json\/wp\/v2\/product\/8565\/revisions\/22170"}],"wp:attachment":[{"href":"https:\/\/antiquariat-steinbach.com\/rarebooks\/wp-json\/wp\/v2\/media?parent=8565"}],"wp:term":[{"taxonomy":"product_brand","embeddable":true,"href":"https:\/\/antiquariat-steinbach.com\/rarebooks\/wp-json\/wp\/v2\/product_brand?post=8565"},{"taxonomy":"product_cat","embeddable":true,"href":"https:\/\/antiquariat-steinbach.com\/rarebooks\/wp-json\/wp\/v2\/product_cat?post=8565"},{"taxonomy":"product_tag","embeddable":true,"href":"https:\/\/antiquariat-steinbach.com\/rarebooks\/wp-json\/wp\/v2\/product_tag?post=8565"}],"curies":[{"name":"wp","href":"https:\/\/api.w.org\/{rel}","templated":true}]}}