{"id":855,"date":"2026-03-12T00:01:02","date_gmt":"2026-03-11T23:01:02","guid":{"rendered":"http:\/\/antiquariat-steinbach.com\/rarebooks\/produkt\/das-tschaperl-ein-wiener-stueck-in-vier-aufzuegen\/"},"modified":"2026-03-12T00:01:02","modified_gmt":"2026-03-11T23:01:02","slug":"bahr-hermann-das-tschaperl-ein-wiener-stueck-in-vier-aufzuegen","status":"publish","type":"product","link":"https:\/\/antiquariat-steinbach.com\/rarebooks\/produkt\/bahr-hermann-das-tschaperl-ein-wiener-stueck-in-vier-aufzuegen\/","title":{"rendered":"Bahr, Hermann. &#8211;  Das Tschaperl. Ein Wiener St\u00fcck in vier Aufz\u00fcgen."},"content":{"rendered":"<p>M\u00fcnchen, Brakl, 1888.<\/p>\n<p>14 : 11 cm. Original wrappers.<\/p>\n<p>120,00 EUR<\/p>\n","protected":false},"excerpt":{"rendered":"<p>132 pages. Original wrappers. Printed as a manuscript, before the first ordinary edition. &#8218;Manuscript not for sale&#8216;. The first printed edition was published in 1898 by Fischer in Berlin. &#8211; Rare.<\/p>\n","protected":false},"featured_media":0,"template":"","meta":[],"product_brand":[],"product_cat":[212,32,147,914],"product_tag":[],"class_list":{"0":"post-855","1":"product","2":"type-product","3":"status-publish","5":"product_cat-buehnen-manuscript-20-jahrhundert","6":"product_cat-literatur","7":"product_cat-manuskripte","8":"product_cat-zvab","10":"first","11":"instock","12":"purchasable","13":"product-type-simple"},"_links":{"self":[{"href":"https:\/\/antiquariat-steinbach.com\/rarebooks\/wp-json\/wp\/v2\/product\/855","targetHints":{"allow":["GET"]}}],"collection":[{"href":"https:\/\/antiquariat-steinbach.com\/rarebooks\/wp-json\/wp\/v2\/product"}],"about":[{"href":"https:\/\/antiquariat-steinbach.com\/rarebooks\/wp-json\/wp\/v2\/types\/product"}],"version-history":[{"count":3,"href":"https:\/\/antiquariat-steinbach.com\/rarebooks\/wp-json\/wp\/v2\/product\/855\/revisions"}],"predecessor-version":[{"id":18609,"href":"https:\/\/antiquariat-steinbach.com\/rarebooks\/wp-json\/wp\/v2\/product\/855\/revisions\/18609"}],"wp:attachment":[{"href":"https:\/\/antiquariat-steinbach.com\/rarebooks\/wp-json\/wp\/v2\/media?parent=855"}],"wp:term":[{"taxonomy":"product_brand","embeddable":true,"href":"https:\/\/antiquariat-steinbach.com\/rarebooks\/wp-json\/wp\/v2\/product_brand?post=855"},{"taxonomy":"product_cat","embeddable":true,"href":"https:\/\/antiquariat-steinbach.com\/rarebooks\/wp-json\/wp\/v2\/product_cat?post=855"},{"taxonomy":"product_tag","embeddable":true,"href":"https:\/\/antiquariat-steinbach.com\/rarebooks\/wp-json\/wp\/v2\/product_tag?post=855"}],"curies":[{"name":"wp","href":"https:\/\/api.w.org\/{rel}","templated":true}]}}