{"id":8549,"date":"2026-03-12T00:26:08","date_gmt":"2026-03-11T23:26:08","guid":{"rendered":"http:\/\/antiquariat-steinbach.com\/rarebooks\/produkt\/des-kindes-lust-und-freude-gedichtsammlung-fuer-schule-und-haus\/"},"modified":"2026-03-12T00:26:10","modified_gmt":"2026-03-11T23:26:10","slug":"viohl-k-und-h-wentzel-des-kindes-lust-und-freude-gedichtsammlung-fuer-schule-und-haus","status":"publish","type":"product","link":"https:\/\/antiquariat-steinbach.com\/rarebooks\/produkt\/viohl-k-und-h-wentzel-des-kindes-lust-und-freude-gedichtsammlung-fuer-schule-und-haus\/","title":{"rendered":"Viohl, K. und H. Wentzel. &#8211;  Des Kindes Lust und Freude.Gedichtsammlung f\u00fcr Schule und Haus."},"content":{"rendered":"<p>Berlin,  Pl\u00e4hn,  1891.<\/p>\n<p>8. Auflage. 17,5 : 11,5 cm. X, 176 Seiten, 6 kolorierte, lithographierte Tafeln von Friedrich Waibler.  Blindgepr\u00e4gter farbiger Original Pappband mit ovaler Bord\u00fcre und blumenornamentik.<\/p>\n<p>30,00 EUR<\/p>\n","protected":false},"excerpt":{"rendered":"<p>In dem h\u00fcbschen Orignal Einband. &#8211; Buchblock angebrochen, R\u00fccken unsachgem\u00e4\u00df geklebt, einige Seiten mit Resten von Klebestreifen.<\/p>\n","protected":false},"featured_media":0,"template":"","meta":[],"product_brand":[],"product_cat":[382,95,60,914],"product_tag":[],"class_list":{"0":"post-8549","1":"product","2":"type-product","3":"status-publish","5":"product_cat-childrens","6":"product_cat-einbaende","7":"product_cat-kinderbuecher","8":"product_cat-zvab","10":"first","11":"instock","12":"purchasable","13":"product-type-simple"},"_links":{"self":[{"href":"https:\/\/antiquariat-steinbach.com\/rarebooks\/wp-json\/wp\/v2\/product\/8549","targetHints":{"allow":["GET"]}}],"collection":[{"href":"https:\/\/antiquariat-steinbach.com\/rarebooks\/wp-json\/wp\/v2\/product"}],"about":[{"href":"https:\/\/antiquariat-steinbach.com\/rarebooks\/wp-json\/wp\/v2\/types\/product"}],"version-history":[{"count":3,"href":"https:\/\/antiquariat-steinbach.com\/rarebooks\/wp-json\/wp\/v2\/product\/8549\/revisions"}],"predecessor-version":[{"id":22163,"href":"https:\/\/antiquariat-steinbach.com\/rarebooks\/wp-json\/wp\/v2\/product\/8549\/revisions\/22163"}],"wp:attachment":[{"href":"https:\/\/antiquariat-steinbach.com\/rarebooks\/wp-json\/wp\/v2\/media?parent=8549"}],"wp:term":[{"taxonomy":"product_brand","embeddable":true,"href":"https:\/\/antiquariat-steinbach.com\/rarebooks\/wp-json\/wp\/v2\/product_brand?post=8549"},{"taxonomy":"product_cat","embeddable":true,"href":"https:\/\/antiquariat-steinbach.com\/rarebooks\/wp-json\/wp\/v2\/product_cat?post=8549"},{"taxonomy":"product_tag","embeddable":true,"href":"https:\/\/antiquariat-steinbach.com\/rarebooks\/wp-json\/wp\/v2\/product_tag?post=8549"}],"curies":[{"name":"wp","href":"https:\/\/api.w.org\/{rel}","templated":true}]}}