{"id":8493,"date":"2026-03-12T00:26:06","date_gmt":"2026-03-11T23:26:06","guid":{"rendered":"http:\/\/antiquariat-steinbach.com\/rarebooks\/produkt\/goethes-leben\/"},"modified":"2026-03-12T00:26:07","modified_gmt":"2026-03-11T23:26:07","slug":"viehoff-heinrich-goethes-leben","status":"publish","type":"product","link":"https:\/\/antiquariat-steinbach.com\/rarebooks\/produkt\/viehoff-heinrich-goethes-leben\/","title":{"rendered":"Viehoff, Heinrich: &#8211;  Goethe&#8217;s Leben."},"content":{"rendered":"<p>Stuttgart, Becker 1854.<\/p>\n<p>2. ausgabe. 4 B\u00e4nde. 15,5 : 12 cm. Leinenb\u00e4nde der Zeit mit R\u00fcckenvergoldung.<\/p>\n<p>45,00 EUR<\/p>\n","protected":false},"excerpt":{"rendered":"<p>Stuttgart, Becker 1854. 2. ausgabe. 4 B\u00e4nde. 15,5 : 12 cm. Leinenb\u00e4nde der Zeit mit R\u00fcckenvergoldung. 45,00 EUR<\/p>\n","protected":false},"featured_media":0,"template":"","meta":[],"product_brand":[],"product_cat":[32,102,103,914],"product_tag":[],"class_list":{"0":"post-8493","1":"product","2":"type-product","3":"status-publish","5":"product_cat-literatur","6":"product_cat-literaturwissenschaft","7":"product_cat-michael","8":"product_cat-zvab","10":"first","11":"instock","12":"purchasable","13":"product-type-simple"},"_links":{"self":[{"href":"https:\/\/antiquariat-steinbach.com\/rarebooks\/wp-json\/wp\/v2\/product\/8493","targetHints":{"allow":["GET"]}}],"collection":[{"href":"https:\/\/antiquariat-steinbach.com\/rarebooks\/wp-json\/wp\/v2\/product"}],"about":[{"href":"https:\/\/antiquariat-steinbach.com\/rarebooks\/wp-json\/wp\/v2\/types\/product"}],"version-history":[{"count":3,"href":"https:\/\/antiquariat-steinbach.com\/rarebooks\/wp-json\/wp\/v2\/product\/8493\/revisions"}],"predecessor-version":[{"id":22148,"href":"https:\/\/antiquariat-steinbach.com\/rarebooks\/wp-json\/wp\/v2\/product\/8493\/revisions\/22148"}],"wp:attachment":[{"href":"https:\/\/antiquariat-steinbach.com\/rarebooks\/wp-json\/wp\/v2\/media?parent=8493"}],"wp:term":[{"taxonomy":"product_brand","embeddable":true,"href":"https:\/\/antiquariat-steinbach.com\/rarebooks\/wp-json\/wp\/v2\/product_brand?post=8493"},{"taxonomy":"product_cat","embeddable":true,"href":"https:\/\/antiquariat-steinbach.com\/rarebooks\/wp-json\/wp\/v2\/product_cat?post=8493"},{"taxonomy":"product_tag","embeddable":true,"href":"https:\/\/antiquariat-steinbach.com\/rarebooks\/wp-json\/wp\/v2\/product_tag?post=8493"}],"curies":[{"name":"wp","href":"https:\/\/api.w.org\/{rel}","templated":true}]}}