{"id":8491,"date":"2026-03-12T00:26:04","date_gmt":"2026-03-11T23:26:04","guid":{"rendered":"http:\/\/antiquariat-steinbach.com\/rarebooks\/produkt\/picturesque-illustrations-of-buenos-ayres-and-monte-video-2\/"},"modified":"2026-03-12T00:26:06","modified_gmt":"2026-03-11T23:26:06","slug":"vidal-e-e-picturesque-illustrations-of-buenos-ayres-and-monte-video-2","status":"publish","type":"product","link":"https:\/\/antiquariat-steinbach.com\/rarebooks\/produkt\/vidal-e-e-picturesque-illustrations-of-buenos-ayres-and-monte-video-2\/","title":{"rendered":"Vidal, E.E: &#8211;  Picturesque Illustrations of Buenos Ayres and Monte Video."},"content":{"rendered":"<p>Buenos Aires, Viau (1943).<\/p>\n<p>28,5 : 22,5 cm. XXVIII, 115 p\u00e1ginas 24 l\u00e1minas en color, en parte plegadas. Carton\u00e9 original ilustrado.<\/p>\n<p>160,00 EUR<\/p>\n","protected":false},"excerpt":{"rendered":"<p>Ejemplar numerado de una tirado limitada. Hecho despues de la edici\u00f3n original, Londres, Ackermann, 1820. Bellas impressiones de las dos cuidades. &#8211;  El pintor y acuarelista ingl\u00e9s, Emeric Essex Vidal, viaj\u00f3 por Argentina y Uruguay plasmando escenas de la ciudad y el campo. Sirvi\u00f3 en la Armada Brit\u00e1nica, lo que le permiti\u00f3 viajar extensamente por Am\u00e9rica Latina. Esta obra viene a ser su diario personal de viaje, en el que recoge, a trav\u00e9s de las 24 ilustraciones pintorescas, muchas escenas de Buenos Aires y las Pampas circundantes, con comentarios sobre la raza, la forma de vida y la econom\u00eda, junto con la esclavitud y la industria productiva. Relata tambi\u00e9n detalladamente los recursos naturales, con especial atenci\u00f3n al ganado. Ofrece una visi\u00f3n positiva de la jerarqu\u00eda racial y sostiene que la jerarqu\u00eda es buena y los de abajo la apoyan. Vidal llega a describir la instituci\u00f3n de la esclavitud como beneficiosa, e incluso que los esclavos eran felices porque sostiene: \u201cHe visto a muchos negar la libertad cuando se les ofrece\u201d. Muestra tambi\u00e9n cuidado al mencionar que el trato a los esclavos es bueno y posiblmente mejor que en algunas de las colonias brit\u00e1nicas. \u201cThe only notable colour plate book in english dealing with the Argentine\u201d [Tooley].<\/p>\n","protected":false},"featured_media":0,"template":"","meta":[],"product_brand":[],"product_cat":[128,65,914],"product_tag":[],"class_list":{"0":"post-8491","1":"product","2":"type-product","3":"status-publish","5":"product_cat-amerika","6":"product_cat-geographie","7":"product_cat-zvab","9":"first","10":"instock","11":"purchasable","12":"product-type-simple"},"_links":{"self":[{"href":"https:\/\/antiquariat-steinbach.com\/rarebooks\/wp-json\/wp\/v2\/product\/8491","targetHints":{"allow":["GET"]}}],"collection":[{"href":"https:\/\/antiquariat-steinbach.com\/rarebooks\/wp-json\/wp\/v2\/product"}],"about":[{"href":"https:\/\/antiquariat-steinbach.com\/rarebooks\/wp-json\/wp\/v2\/types\/product"}],"version-history":[{"count":4,"href":"https:\/\/antiquariat-steinbach.com\/rarebooks\/wp-json\/wp\/v2\/product\/8491\/revisions"}],"predecessor-version":[{"id":25076,"href":"https:\/\/antiquariat-steinbach.com\/rarebooks\/wp-json\/wp\/v2\/product\/8491\/revisions\/25076"}],"wp:attachment":[{"href":"https:\/\/antiquariat-steinbach.com\/rarebooks\/wp-json\/wp\/v2\/media?parent=8491"}],"wp:term":[{"taxonomy":"product_brand","embeddable":true,"href":"https:\/\/antiquariat-steinbach.com\/rarebooks\/wp-json\/wp\/v2\/product_brand?post=8491"},{"taxonomy":"product_cat","embeddable":true,"href":"https:\/\/antiquariat-steinbach.com\/rarebooks\/wp-json\/wp\/v2\/product_cat?post=8491"},{"taxonomy":"product_tag","embeddable":true,"href":"https:\/\/antiquariat-steinbach.com\/rarebooks\/wp-json\/wp\/v2\/product_tag?post=8491"}],"curies":[{"name":"wp","href":"https:\/\/api.w.org\/{rel}","templated":true}]}}